{"id":18899,"date":"2024-04-17T16:25:49","date_gmt":"2024-04-17T16:25:49","guid":{"rendered":"https:\/\/garrafeiragrandeescolha.pt\/?post_type=product&#038;p=18899"},"modified":"2024-04-17T16:28:26","modified_gmt":"2024-04-17T16:28:26","slug":"espumante-kompassus-rose-brut-nature-75cl","status":"publish","type":"product","link":"https:\/\/garrafeiragrandeescolha.pt\/it\/prodotto\/espumante-kompassus-rose-brut-nature-75cl\/","title":{"rendered":"Kompassus Ros\u00e9 Brut Natura Spumante 75cl"},"content":{"rendered":"<p><img decoding=\"async\" class=\"size-medium wp-image-16695 aligncenter\" src=\"http:\/\/garrafeiragrandeescolha.pt\/wp-content\/uploads\/2020\/03\/Logo-Kompassus-300x117.jpg\" alt=\"\" width=\"300\" height=\"117\" srcset=\"https:\/\/garrafeiragrandeescolha.pt\/wp-content\/uploads\/2020\/03\/Logo-Kompassus-300x117.jpg 300w, https:\/\/garrafeiragrandeescolha.pt\/wp-content\/uploads\/2020\/03\/Logo-Kompassus-768x300.jpg 768w, https:\/\/garrafeiragrandeescolha.pt\/wp-content\/uploads\/2020\/03\/Logo-Kompassus-18x7.jpg 18w, https:\/\/garrafeiragrandeescolha.pt\/wp-content\/uploads\/2020\/03\/Logo-Kompassus-600x234.jpg 600w, https:\/\/garrafeiragrandeescolha.pt\/wp-content\/uploads\/2020\/03\/Logo-Kompassus.jpg 1024w\" sizes=\"(max-width: 300px) 100vw, 300px\" \/><\/p>\n<p>Jo\u00e3o P\u00f3voa ha iniziato a produrre vini di marca nel 1991 con Quinta de Baixo, diventando il primo produttore individuale di riferimento nel comune di Cantanhede.<\/p>\n<p>Dal 2005 l&#039;azienda si chiama Komassus e tutt&#039;oggi porta avanti una filosofia di produzione vinicola basata sulle radici e sulle tradizioni familiari. Si dedica alla produzione di vini eccellenti supportati da metodi di produzione e pratiche viticole di intervento minimo. L&#039;azienda \u00e8 di propriet\u00e0 di Jo\u00e3o P\u00f3voa, oculista di professione, ma agricoltore per genetica. Il suo entusiasmo per il vino \u00e8 iniziato quando aveva solo 8 anni, e si \u00e8 subito coinvolto nel terroir di Bairrada e in questo nella sua vita: il terreno, il clima e i suoi vitigni. Il Baga, in quanto vitigno dominante, lo fece innamorare di quella che fu subito la base per tutti i suoi vini rossi e spumanti. La maggior parte delle uve provengono ancora da vecchie vigne di oltre 70 anni. Sono essenzialmente vini provenienti da piccole produzioni, in pratica sono 30 anni di dedizione alla produzione di vini di marca. La sua famiglia produceva gi\u00e0 vini a Bairrada, e fu con sua madre e suo padre che Jo\u00e3o P\u00f3voa apprese i primi segreti di questa regione e svilupp\u00f2 una passione che lo segu\u00ec per tutta la vita. Nel corso degli anni sono arrivati sul mercato vini straordinari, oggi vere e proprie reliquie, vini che mostrano finezza, raffinatezza, concentrazione e profondit\u00e0. Quelli che causano vero piacere. E per questi attributi sono stati ottenuti, a partire dal 1991, molteplici riconoscimenti e importanti distinzioni di merito.<\/p>","protected":false},"excerpt":{"rendered":"<p>Castas: Baga e Pinot Noir<\/p>\n<div class=\"custom-fields-col-12\">\n<div>Aroma muito fino, expressivo mas ao mesmo tempo delicado, a bagas silvestres.<\/div>\n<\/div>\n<div class=\"custom-fields-col-12\">\n<div>Na boca mousse crocante, boa estrutura, fresco e com longa persist\u00eancia.<\/div>\n<\/div>","protected":false},"featured_media":18900,"template":"","meta":{"_exactmetrics_skip_tracking":false,"_exactmetrics_sitenote_active":false,"_exactmetrics_sitenote_note":"","_exactmetrics_sitenote_category":0,"_uf_show_specific_survey":0,"_uf_disable_surveys":false,"iawp_total_views":11},"product_brand":[],"product_cat":[160,177],"product_tag":[],"class_list":{"0":"post-18899","1":"product","2":"type-product","3":"status-publish","4":"has-post-thumbnail","6":"product_cat-espumantes","7":"product_cat-espumante","9":"first","10":"instock","11":"shipping-taxable","12":"purchasable","13":"product-type-simple"},"_links":{"self":[{"href":"https:\/\/garrafeiragrandeescolha.pt\/it\/wp-json\/wp\/v2\/product\/18899","targetHints":{"allow":["GET"]}}],"collection":[{"href":"https:\/\/garrafeiragrandeescolha.pt\/it\/wp-json\/wp\/v2\/product"}],"about":[{"href":"https:\/\/garrafeiragrandeescolha.pt\/it\/wp-json\/wp\/v2\/types\/product"}],"wp:featuredmedia":[{"embeddable":true,"href":"https:\/\/garrafeiragrandeescolha.pt\/it\/wp-json\/wp\/v2\/media\/18900"}],"wp:attachment":[{"href":"https:\/\/garrafeiragrandeescolha.pt\/it\/wp-json\/wp\/v2\/media?parent=18899"}],"wp:term":[{"taxonomy":"product_brand","embeddable":true,"href":"https:\/\/garrafeiragrandeescolha.pt\/it\/wp-json\/wp\/v2\/product_brand?post=18899"},{"taxonomy":"product_cat","embeddable":true,"href":"https:\/\/garrafeiragrandeescolha.pt\/it\/wp-json\/wp\/v2\/product_cat?post=18899"},{"taxonomy":"product_tag","embeddable":true,"href":"https:\/\/garrafeiragrandeescolha.pt\/it\/wp-json\/wp\/v2\/product_tag?post=18899"}],"curies":[{"name":"wp","href":"https:\/\/api.w.org\/{rel}","templated":true}]}}