{"id":19369,"date":"2024-11-06T18:32:06","date_gmt":"2024-11-06T18:32:06","guid":{"rendered":"https:\/\/garrafeiragrandeescolha.pt\/?post_type=product&#038;p=19369"},"modified":"2024-11-26T21:34:45","modified_gmt":"2024-11-26T21:34:45","slug":"titular-touriga-nacional-tinto-2013-75cl","status":"publish","type":"product","link":"https:\/\/garrafeiragrandeescolha.pt\/it\/prodotto\/titular-touriga-nacional-tinto-2013-75cl\/","title":{"rendered":"Titular Touriga Nacional Tinto 2013 75cl"},"content":{"rendered":"<p><img fetchpriority=\"high\" decoding=\"async\" class=\"size-medium wp-image-15813 aligncenter\" src=\"http:\/\/garrafeiragrandeescolha.pt\/wp-content\/uploads\/2020\/04\/LOGO-Caminhos-cruzados-300x187.jpg\" alt=\"\" width=\"300\" height=\"187\" srcset=\"https:\/\/garrafeiragrandeescolha.pt\/wp-content\/uploads\/2020\/04\/LOGO-Caminhos-cruzados-300x187.jpg 300w, https:\/\/garrafeiragrandeescolha.pt\/wp-content\/uploads\/2020\/04\/LOGO-Caminhos-cruzados-1024x637.jpg 1024w, https:\/\/garrafeiragrandeescolha.pt\/wp-content\/uploads\/2020\/04\/LOGO-Caminhos-cruzados-768x478.jpg 768w, https:\/\/garrafeiragrandeescolha.pt\/wp-content\/uploads\/2020\/04\/LOGO-Caminhos-cruzados-18x12.jpg 18w, https:\/\/garrafeiragrandeescolha.pt\/wp-content\/uploads\/2020\/04\/LOGO-Caminhos-cruzados-600x373.jpg 600w, https:\/\/garrafeiragrandeescolha.pt\/wp-content\/uploads\/2020\/04\/LOGO-Caminhos-cruzados.jpg 1355w\" sizes=\"(max-width: 300px) 100vw, 300px\" \/><\/p>\n<p>Caminhos Cruzados nasce dall&#039;iniziativa e dalla volont\u00e0 della famiglia Santos, nata a Nelas, determinata a tornare alle proprie origini per investire in un&#039;antica passione, il vino D\u00e3o. Cos\u00ec, nel 2012, \u00e8 nata un&#039;azienda familiare, gestita da L\u00edgia Santos, che ha scambiato Lisbona e la legge con il vino e si \u00e8 diretta a Nelas per dirigere le sorti del progetto. I suoi vini sono ottenuti da uve prodotte internamente e da produttori selezionati, riconosciuti per la loro qualit\u00e0 e l&#039;eccellenza dei vitigni, tutti nella regione del D\u00e3o.<\/p>\n<p>La filosofia dell&#039;azienda si basa sulla produzione di vini di qualit\u00e0, con un aspetto di tradizione combinato con il modernismo e la costante differenziazione che il mercato richiede, \u00e8 in questo contesto che i vini Caminhos Cruzados emergono come \u201cO Novo D\u00e3o?.<\/p>\n<p>Il nome deriva dal pensiero della famiglia secondo cui la vita non segue sempre percorsi rettilinei e che, al contrario, esistono percorsi pi\u00f9 atipici che ci portano in posti incredibili. Il motto \u00e8 che ogni volta che due strade si incrociano pu\u00f2 succedere qualcosa di fantastico, come accade attualmente con i membri della famiglia, con background ed esperienze diverse, le cui strade si incrociano nel progetto.<\/p>\n<p>Nel 2015, Caminhos Cruzados \u00e8 stato premiato come \u201cBreakthrough Producer 2015? da Revista de Vinhos, fornendo ancora un&#039;altra motivazione per continuare a produrre vini unici.<\/p>\n<p>L&#039;azienda (vigneti e cantina) \u00e8 situata nella zona di D\u00e3o, pi\u00f9 precisamente a Nelas. Nel 2017 \u00e8 stata inaugurata la nuova cantina, dall&#039;architettura audace ed emergente dai vigneti di Quinta da Teixuga. La Cantina si ispira al logo aziendale, due linee che si intersecano e si integrano perfettamente nell&#039;ambiente. \u00c8 attento all&#039;estetica e anche alla sostenibilit\u00e0 e consente la pratica dell&#039;enoturismo.<\/p>\n<p>Produtor Revela\u00e7\u00e3o 2015, &#8220;Melhor de Portugal 2015&#8221;- Revista de Vinhos<\/p>","protected":false},"excerpt":{"rendered":"<p>A Caminhos Cruzados surge pela iniciativa e vontade da fam\u00edlia Santos, natural de Nelas, determinada a regressar \u00e0s suas origens para investir numa antiga paix\u00e3o, o vinho do D\u00e3o. Nasce, assim, em 2012 uma empresa familiar, dirigida por L\u00edgia Santos que troca Lisboa e a advocacia pelo vinho e ruma a Nelas para dirigir os [&hellip;]<\/p>","protected":false},"featured_media":19370,"template":"","meta":{"_exactmetrics_skip_tracking":false,"_exactmetrics_sitenote_active":false,"_exactmetrics_sitenote_note":"","_exactmetrics_sitenote_category":0,"_uf_show_specific_survey":0,"_uf_disable_surveys":false,"iawp_total_views":11},"product_brand":[],"product_cat":[187,162,184,157],"product_tag":[],"class_list":{"0":"post-19369","1":"product","2":"type-product","3":"status-publish","4":"has-post-thumbnail","6":"product_cat-dao-tinto","7":"product_cat-raridades","8":"product_cat-tinto","9":"product_cat-vinhos","11":"first","12":"instock","13":"shipping-taxable","14":"purchasable","15":"product-type-simple"},"_links":{"self":[{"href":"https:\/\/garrafeiragrandeescolha.pt\/it\/wp-json\/wp\/v2\/product\/19369","targetHints":{"allow":["GET"]}}],"collection":[{"href":"https:\/\/garrafeiragrandeescolha.pt\/it\/wp-json\/wp\/v2\/product"}],"about":[{"href":"https:\/\/garrafeiragrandeescolha.pt\/it\/wp-json\/wp\/v2\/types\/product"}],"wp:featuredmedia":[{"embeddable":true,"href":"https:\/\/garrafeiragrandeescolha.pt\/it\/wp-json\/wp\/v2\/media\/19370"}],"wp:attachment":[{"href":"https:\/\/garrafeiragrandeescolha.pt\/it\/wp-json\/wp\/v2\/media?parent=19369"}],"wp:term":[{"taxonomy":"product_brand","embeddable":true,"href":"https:\/\/garrafeiragrandeescolha.pt\/it\/wp-json\/wp\/v2\/product_brand?post=19369"},{"taxonomy":"product_cat","embeddable":true,"href":"https:\/\/garrafeiragrandeescolha.pt\/it\/wp-json\/wp\/v2\/product_cat?post=19369"},{"taxonomy":"product_tag","embeddable":true,"href":"https:\/\/garrafeiragrandeescolha.pt\/it\/wp-json\/wp\/v2\/product_tag?post=19369"}],"curies":[{"name":"wp","href":"https:\/\/api.w.org\/{rel}","templated":true}]}}