{"id":19576,"date":"2024-12-06T11:37:02","date_gmt":"2024-12-06T11:37:02","guid":{"rendered":"https:\/\/garrafeiragrandeescolha.pt\/?post_type=product&#038;p=19576"},"modified":"2026-03-04T17:50:32","modified_gmt":"2026-03-04T17:50:32","slug":"cardhu-single-malt-12-anos-200-anniversary-70cl","status":"publish","type":"product","link":"https:\/\/garrafeiragrandeescolha.pt\/it\/prodotto\/cardhu-single-malt-12-anos-200-anniversary-70cl\/","title":{"rendered":"Cardhu Single Malt 12 Anos 200 Anniversary 70cl"},"content":{"rendered":"<p><img fetchpriority=\"high\" decoding=\"async\" class=\"size-medium wp-image-15674 aligncenter\" src=\"http:\/\/garrafeiragrandeescolha.pt\/wp-content\/uploads\/2022\/03\/cardhu-logo-300x169.png\" alt=\"\" width=\"300\" height=\"169\" srcset=\"https:\/\/garrafeiragrandeescolha.pt\/wp-content\/uploads\/2022\/03\/cardhu-logo-300x169.png 300w, https:\/\/garrafeiragrandeescolha.pt\/wp-content\/uploads\/2022\/03\/cardhu-logo-768x432.png 768w, https:\/\/garrafeiragrandeescolha.pt\/wp-content\/uploads\/2022\/03\/cardhu-logo-18x10.png 18w, https:\/\/garrafeiragrandeescolha.pt\/wp-content\/uploads\/2022\/03\/cardhu-logo-600x338.png 600w, https:\/\/garrafeiragrandeescolha.pt\/wp-content\/uploads\/2022\/03\/cardhu-logo.png 800w\" sizes=\"(max-width: 300px) 100vw, 300px\" \/><\/p>\n<p>Uma das destilarias mais antigas de Speyside, Cardhu (naquela \u00e9poca Cardow) come\u00e7ou a vida como uma fazenda cuja &#8216;ader\u00eancia&#8217; foi tomada por John Cumming e sua esposa Helen em 1811. Eles logo come\u00e7aram a fazer u\u00edsque il\u00edcito &#8211; pesquisas sugerem que foi Helen quem foi encarregado das opera\u00e7\u00f5es \u2013 e operando a fazenda como uma esta\u00e7\u00e3o de alerta antecipado para os moonshiners em Glen Livet.\u00a0Diz a lenda que quando os medidores chegavam \u00e0 fazenda, Helen os distra\u00eda e colocava uma bandeira vermelha em um poste alertando seus comparsas.<\/p>\n<p>N\u00e3o \u00e9 surpreendente, talvez, que Cardhu tamb\u00e9m seja aceito como a primeira das destilarias de Speyside a obter uma das novas licen\u00e7as ap\u00f3s a aprova\u00e7\u00e3o da Lei de Impostos Excise em 1823.<\/p>\n<p>A nora de Helen Cumming, Elizabeth, assumiu o comando das opera\u00e7\u00f5es em 1872, reconstruindo completamente a configura\u00e7\u00e3o primitiva em 1884 e vendendo os antigos alambiques e a roda d&#8217;\u00e1gua para William Grant, que planejava construir sua destilaria familiar, chamada Glenfiddich, em Dufftown .\u00a0At\u00e9 ent\u00e3o, Cardhu havia se estabelecido como um favorito dos liquidificadores, mas tamb\u00e9m estava dispon\u00edvel como um single malt em Londres j\u00e1 em 1888.<\/p>\n<p>Em 1893, a destilaria foi vendida para o cliente de longa data John Walker &amp; Sons, com o entendimento de que a fam\u00edlia ainda administraria a destilaria e teria um assento no conselho da Walker.\u00a0A destilaria foi ampliada de dois alambiques para quatro em 1899 e depois para seis em 1960.<\/p>\n<p>Naquela \u00e9poca, Cardhu era vista como a base Highland de Johnnie Walker, mas, al\u00e9m de fornecer l\u00edquido para a mistura mais vendida do mundo, a partir de 1981, tamb\u00e9m foi o primeiro empreendimento em marca de malte \u00fanico na era moderna para a gigante da ind\u00fastria DCL.\u00a0cujo presidente de 1963-67 foi o bisneto de John e Helen, Sir Ronald Cumming.<\/p>\n<p>Ter uma marca que \u00e9 um elemento importante de uma mistura e um single malt exige alguns atos de equil\u00edbrio complicados.\u00a0Em 2002, esse ato de equil\u00edbrio falhou.\u00a0Estima-se que as vendas projetadas para o single malt na Espanha e na Fran\u00e7a superem a capacidade da destilaria \u2013 que tamb\u00e9m teve que fornecer enchimentos para a crescente linha Walker.<\/p>\n<p>A solu\u00e7\u00e3o foi transformar Cardhu, a marca de malte \u00fanico, no que era ent\u00e3o conhecido como malte vatted (uma mistura de maltes simples de diferentes destilarias), mantendo seu car\u00e1ter geral.\u00a0Desnecess\u00e1rio dizer que isso foi considerado um pouco confuso para o consumidor e, ap\u00f3s um breve e um tanto rid\u00edculo per\u00edodo em que o nome da destilaria foi alterado de volta para Cardow, a pol\u00edtica foi abandonada.<\/p>\n<p>As consequ\u00eancias do incidente resultaram em uma revis\u00e3o completa dos regulamentos de rotulagem do u\u00edsque escoc\u00eas e na cria\u00e7\u00e3o de um novo termo: &#8216;malte misturado&#8217;.<\/p>\n<p>Hoje, Cardhu continua a atuar como &#8216;casa&#8217; para Johnnie Walker \u2013 com um impressionante centro de visitantes \u2013 e os engarrafamentos do single malt est\u00e3o mais uma vez aumentando.<\/p>\n<p>Em 2018, a Diageo revelou planos para gastar \u00a3 150 milh\u00f5es na moderniza\u00e7\u00e3o de instala\u00e7\u00f5es tur\u00edsticas em toda a Esc\u00f3cia, incluindo uma nova casa de marca para Johnnie Walker em Edimburgo e centros de visitantes melhorados em Cardhu, Clynelish, Caol Ila e Glenkinchie, representando alguns dos estilos regionais presentes em Andador.<\/p>\n<p>A atualiza\u00e7\u00e3o de Cardhu destacar\u00e1 a hist\u00f3ria da destilaria, incluindo a influ\u00eancia de Helen e Elizabeth Cumming.\u00a0O acesso ser\u00e1 melhorado e ser\u00e1 criado um pomar.<\/p>","protected":false},"excerpt":{"rendered":"<p>Cardhu 12 Anos Malt Single Malt \u00e9 um whisky escoc\u00eas leve, macio e apetitoso. \u00c9 fruto de matura\u00e7\u00e3o de 12 anos em cascos de carvalho.<\/p>","protected":false},"featured_media":19577,"template":"","meta":{"_exactmetrics_skip_tracking":false,"_exactmetrics_sitenote_active":false,"_exactmetrics_sitenote_note":"","_exactmetrics_sitenote_category":0,"_uf_show_specific_survey":0,"_uf_disable_surveys":false,"iawp_total_views":229},"product_brand":[],"product_cat":[162,158,179],"product_tag":[],"class_list":{"0":"post-19576","1":"product","2":"type-product","3":"status-publish","4":"has-post-thumbnail","6":"product_cat-raridades","7":"product_cat-espirituosos","8":"product_cat-whisky","10":"first","11":"instock","12":"shipping-taxable","13":"purchasable","14":"product-type-simple"},"_links":{"self":[{"href":"https:\/\/garrafeiragrandeescolha.pt\/it\/wp-json\/wp\/v2\/product\/19576","targetHints":{"allow":["GET"]}}],"collection":[{"href":"https:\/\/garrafeiragrandeescolha.pt\/it\/wp-json\/wp\/v2\/product"}],"about":[{"href":"https:\/\/garrafeiragrandeescolha.pt\/it\/wp-json\/wp\/v2\/types\/product"}],"wp:featuredmedia":[{"embeddable":true,"href":"https:\/\/garrafeiragrandeescolha.pt\/it\/wp-json\/wp\/v2\/media\/19577"}],"wp:attachment":[{"href":"https:\/\/garrafeiragrandeescolha.pt\/it\/wp-json\/wp\/v2\/media?parent=19576"}],"wp:term":[{"taxonomy":"product_brand","embeddable":true,"href":"https:\/\/garrafeiragrandeescolha.pt\/it\/wp-json\/wp\/v2\/product_brand?post=19576"},{"taxonomy":"product_cat","embeddable":true,"href":"https:\/\/garrafeiragrandeescolha.pt\/it\/wp-json\/wp\/v2\/product_cat?post=19576"},{"taxonomy":"product_tag","embeddable":true,"href":"https:\/\/garrafeiragrandeescolha.pt\/it\/wp-json\/wp\/v2\/product_tag?post=19576"}],"curies":[{"name":"wp","href":"https:\/\/api.w.org\/{rel}","templated":true}]}}