{"id":19683,"date":"2025-01-14T16:44:22","date_gmt":"2025-01-14T16:44:22","guid":{"rendered":"https:\/\/garrafeiragrandeescolha.pt\/?post_type=product&#038;p=19683"},"modified":"2025-01-14T16:44:22","modified_gmt":"2025-01-14T16:44:22","slug":"villa-oliveira-touriga-nacional-tinto-2018-75cl","status":"publish","type":"product","link":"https:\/\/garrafeiragrandeescolha.pt\/it\/prodotto\/villa-oliveira-touriga-nacional-tinto-2018-75cl\/","title":{"rendered":"Villa Oliveira Touriga Nacional Tinto 2018 75cl"},"content":{"rendered":"","protected":false},"excerpt":{"rendered":"<p>Este vinho expressa a vontade de fazer um Touriga Nacional de vinha velha. Numa regi\u00e3o em que a vinha velha \u00e9 constitu\u00edda por um conjunto alargado de castas misturadas na mesma parcela, resolvemos vindimar apenas Touriga Nacional de uma vinha \u00fanica com mais de 80 anos. Desta vindima altamente seletiva nasce um Touriga Nacional cl\u00e1ssico, onde todo o processo de vinifica\u00e7\u00e3o foi desenvolvido em privil\u00e9gio da mat\u00e9ria prima excepcional.<\/p>","protected":false},"featured_media":19684,"template":"","meta":{"_exactmetrics_skip_tracking":false,"_exactmetrics_sitenote_active":false,"_exactmetrics_sitenote_note":"","_exactmetrics_sitenote_category":0,"_uf_show_specific_survey":0,"_uf_disable_surveys":false,"iawp_total_views":7},"product_brand":[],"product_cat":[157,184,187],"product_tag":[],"class_list":{"0":"post-19683","1":"product","2":"type-product","3":"status-publish","4":"has-post-thumbnail","6":"product_cat-vinhos","7":"product_cat-tinto","8":"product_cat-dao-tinto","10":"first","11":"instock","12":"shipping-taxable","13":"purchasable","14":"product-type-simple"},"_links":{"self":[{"href":"https:\/\/garrafeiragrandeescolha.pt\/it\/wp-json\/wp\/v2\/product\/19683","targetHints":{"allow":["GET"]}}],"collection":[{"href":"https:\/\/garrafeiragrandeescolha.pt\/it\/wp-json\/wp\/v2\/product"}],"about":[{"href":"https:\/\/garrafeiragrandeescolha.pt\/it\/wp-json\/wp\/v2\/types\/product"}],"wp:featuredmedia":[{"embeddable":true,"href":"https:\/\/garrafeiragrandeescolha.pt\/it\/wp-json\/wp\/v2\/media\/19684"}],"wp:attachment":[{"href":"https:\/\/garrafeiragrandeescolha.pt\/it\/wp-json\/wp\/v2\/media?parent=19683"}],"wp:term":[{"taxonomy":"product_brand","embeddable":true,"href":"https:\/\/garrafeiragrandeescolha.pt\/it\/wp-json\/wp\/v2\/product_brand?post=19683"},{"taxonomy":"product_cat","embeddable":true,"href":"https:\/\/garrafeiragrandeescolha.pt\/it\/wp-json\/wp\/v2\/product_cat?post=19683"},{"taxonomy":"product_tag","embeddable":true,"href":"https:\/\/garrafeiragrandeescolha.pt\/it\/wp-json\/wp\/v2\/product_tag?post=19683"}],"curies":[{"name":"wp","href":"https:\/\/api.w.org\/{rel}","templated":true}]}}