{"id":19767,"date":"2025-03-07T10:11:54","date_gmt":"2025-03-07T10:11:54","guid":{"rendered":"https:\/\/garrafeiragrandeescolha.pt\/?post_type=product&#038;p=19767"},"modified":"2025-03-07T10:14:58","modified_gmt":"2025-03-07T10:14:58","slug":"socalcos-do-bouro-alvarinho-branco-2024-75cl","status":"publish","type":"product","link":"https:\/\/garrafeiragrandeescolha.pt\/it\/prodotto\/socalcos-do-bouro-alvarinho-branco-2024-75cl\/","title":{"rendered":"Socalcos do Bouro Alvarinho Branco 2024 75cl"},"content":{"rendered":"<p><img fetchpriority=\"high\" decoding=\"async\" class=\"size-full wp-image-19763 aligncenter\" src=\"http:\/\/garrafeiragrandeescolha.pt\/wp-content\/uploads\/2025\/03\/socalcos_do_bouro_thumb_tt.png\" alt=\"\" width=\"297\" height=\"193\" srcset=\"https:\/\/garrafeiragrandeescolha.pt\/wp-content\/uploads\/2025\/03\/socalcos_do_bouro_thumb_tt.png 297w, https:\/\/garrafeiragrandeescolha.pt\/wp-content\/uploads\/2025\/03\/socalcos_do_bouro_thumb_tt-18x12.png 18w\" sizes=\"(max-width: 297px) 100vw, 297px\" \/><\/p>\n<p>Na encosta da Abadia, de olhos postos no rio C\u00e1vado e na Pousada de Santa Maria de Bouro, e de onde se avista a barragem da Cani\u00e7ada e o Ger\u00eas, situa-se a Quinta do Cruzeiro, espa\u00e7o que faz parte da hist\u00f3ria e do patrim\u00f3nio rural e vit\u00edcola da Vila de Bouro Santa Maria e do concelho de Amares.<\/p>\n<p>A designa\u00e7\u00e3o, \u201cQuinta do Cruzeiro\u201d, est\u00e1 necessariamente associada ao singular e secular cruzeiro em pedra situado na antec\u00e2mara do portal de acesso, que a\u00ed ter\u00e1 sido colocado, em data que se perde na mem\u00f3ria do tempo, como que a receber e a dar as boas-vindas aos visitantes.<\/p>\n<p>Na \u201cQuinta do Cruzeiro\u201d nasceu e viveu o Padre Francisco Antunes de Almeida, Capel\u00e3o da Confraria de S. Bento e do Santu\u00e1rio de Nossa Senhora da Abadia, fun\u00e7\u00f5es que acumulava com a de professor do ensino prim\u00e1rio. Notabilizou-se pelo ininterrupto e intransigente combate pela democracia e contra a ditadura.<\/p>\n<p>Foi pelas m\u00e3os de Jo\u00e3o de Deus Martins Antunes de Almeida, que sucedeu na propriedade da quinta, que se deu a reconvers\u00e3o da quinta \u00e0 explora\u00e7\u00e3o da vinha e \u00e0 produ\u00e7\u00e3o de vinho, rompendo com as t\u00e9cnicas e m\u00e9todos tradicionais. E gra\u00e7as \u00e0 sua vis\u00e3o, labor e persist\u00eancia, foi criada uma das primeiras marcas de vinhos verdes do concelho de Amares \u2013 \u201cJO\u00c3O DE DEUS\u201d -, em cuja ess\u00eancia e matriz bebeu e bebe o vinho que actualmente se produz na mesma quinta \u2013 \u201cSOCALCOS DO BOURO\u201d.<\/p>\n<p>A quinta, predominantemente ocupada por vinha, desenvolve-se em socalcos, caracter\u00edstica do terreno que deu nome ao vinho actualmente produzido na \u201cQuinta do Cruzeiro\u201d \u2013 \u201cSOCALCOS DO BOURO\u201d.<\/p>\n<p>A excelente exposi\u00e7\u00e3o solar, as caracter\u00edsticas do solo e o microclima da regi\u00e3o formam um terroir \u00fanico, que se descobre e sente nas notas arom\u00e1ticas dos vinhos.<\/p>","protected":false},"excerpt":{"rendered":"<p>Na encosta da Abadia, de olhos postos no rio C\u00e1vado e na Pousada de Santa Maria de Bouro, e de onde se avista a barragem da Cani\u00e7ada e o Ger\u00eas, situa-se a Quinta do Cruzeiro, espa\u00e7o que faz parte da hist\u00f3ria e do patrim\u00f3nio rural e vit\u00edcola da Vila de Bouro Santa Maria e do [&hellip;]<\/p>","protected":false},"featured_media":19768,"template":"","meta":{"_exactmetrics_skip_tracking":false,"_exactmetrics_sitenote_active":false,"_exactmetrics_sitenote_note":"","_exactmetrics_sitenote_category":0,"_uf_show_specific_survey":0,"_uf_disable_surveys":false,"iawp_total_views":24},"product_brand":[],"product_cat":[157,185,206],"product_tag":[],"class_list":{"0":"post-19767","1":"product","2":"type-product","3":"status-publish","4":"has-post-thumbnail","6":"product_cat-vinhos","7":"product_cat-branco","8":"product_cat-vinhos-verdes","10":"first","11":"instock","12":"shipping-taxable","13":"purchasable","14":"product-type-simple"},"_links":{"self":[{"href":"https:\/\/garrafeiragrandeescolha.pt\/it\/wp-json\/wp\/v2\/product\/19767","targetHints":{"allow":["GET"]}}],"collection":[{"href":"https:\/\/garrafeiragrandeescolha.pt\/it\/wp-json\/wp\/v2\/product"}],"about":[{"href":"https:\/\/garrafeiragrandeescolha.pt\/it\/wp-json\/wp\/v2\/types\/product"}],"wp:featuredmedia":[{"embeddable":true,"href":"https:\/\/garrafeiragrandeescolha.pt\/it\/wp-json\/wp\/v2\/media\/19768"}],"wp:attachment":[{"href":"https:\/\/garrafeiragrandeescolha.pt\/it\/wp-json\/wp\/v2\/media?parent=19767"}],"wp:term":[{"taxonomy":"product_brand","embeddable":true,"href":"https:\/\/garrafeiragrandeescolha.pt\/it\/wp-json\/wp\/v2\/product_brand?post=19767"},{"taxonomy":"product_cat","embeddable":true,"href":"https:\/\/garrafeiragrandeescolha.pt\/it\/wp-json\/wp\/v2\/product_cat?post=19767"},{"taxonomy":"product_tag","embeddable":true,"href":"https:\/\/garrafeiragrandeescolha.pt\/it\/wp-json\/wp\/v2\/product_tag?post=19767"}],"curies":[{"name":"wp","href":"https:\/\/api.w.org\/{rel}","templated":true}]}}