{"id":19862,"date":"2025-04-24T11:08:28","date_gmt":"2025-04-24T11:08:28","guid":{"rendered":"https:\/\/garrafeiragrandeescolha.pt\/?post_type=product&#038;p=19862"},"modified":"2025-04-24T11:14:16","modified_gmt":"2025-04-24T11:14:16","slug":"gin-sharish-blue-50cl","status":"publish","type":"product","link":"https:\/\/garrafeiragrandeescolha.pt\/it\/prodotto\/gin-sharish-blue-50cl\/","title":{"rendered":"Gin Sharish Blue 50cl"},"content":{"rendered":"<p><img decoding=\"async\" class=\"size-medium wp-image-15324 aligncenter\" src=\"http:\/\/garrafeiragrandeescolha.pt\/wp-content\/uploads\/2022\/02\/logo_sharish_preto-300x127.png\" alt=\"\" width=\"300\" height=\"127\" srcset=\"https:\/\/garrafeiragrandeescolha.pt\/wp-content\/uploads\/2022\/02\/logo_sharish_preto-300x127.png 300w, https:\/\/garrafeiragrandeescolha.pt\/wp-content\/uploads\/2022\/02\/logo_sharish_preto.png 394w\" sizes=\"(max-width: 300px) 100vw, 300px\" \/><\/p>\n<p>Iniciado em Outubro de 2013 o projecto SHARISH GIN \u00e9 um novo gin portugu\u00eas e \u00e9 produzido no Alentejo por Ant\u00f3nio Cuco e vai buscar o seu nome \u00e0 vila de MONSARAZ. Utilizado durante a ocupa\u00e7\u00e3o mu\u00e7ulmana, o termo \u00e1rabe \u201csharish\u201d, significa xara ou jara, a muito alentejana esteva (Cistus ladanifer). Assim Mont Sharish significaria Monte erguido num impenetr\u00e1vel brenha de estevas, originando posteriormente Monsaraz. Este gin parte de uma receita recheada de ingredientes portugueses, da Ma\u00e7\u00e3 Bravo de Esmolfe DOP \u00e1s laranjas e lim\u00f5es alentejanos, passando pela L\u00facia-Lima fresca, juntam-se ainda os tradicionais zimbro e semente de coentros, sendo completada com a canela, o cravinho e um suave toque \u00a0de baunilha. Todos estes ingredientes s\u00e3o destilados separadamente num alambique tradicional portugu\u00eas, sendo depois submetidos a um blend final.<\/p>","protected":false},"excerpt":{"rendered":"<p><img decoding=\"async\" class=\"alignnone size-full wp-image-15326\" src=\"http:\/\/garrafeiragrandeescolha.pt\/wp-content\/uploads\/2020\/03\/portugal.png\" alt=\"\" width=\"70\" height=\"40\" \/> Origem Alentejo &#8211; Portugal<\/p>\n<p>Produzido no Alentejo com fruta 100% portuguesa, parte de uma destila\u00e7\u00e3o base de morango e framboesa frescas, zimbro, semente de coentros, alca\u00e7uz, raiz de ang\u00e9lica, casca de lim\u00e3o, gengibre, cardamomo e canela. Um grupo de bot\u00e2nicos s\u00e3o destilados em conjunto e os restantes por separado, sendo posteriormente feito um blend entre eles. Este gin com notas c\u00edtricas e frutadas \u00e9 a receita perfeita para um final de tarde\/noite em boa companhia.<\/p>","protected":false},"featured_media":19863,"template":"","meta":{"_exactmetrics_skip_tracking":false,"_exactmetrics_sitenote_active":false,"_exactmetrics_sitenote_note":"","_exactmetrics_sitenote_category":0,"_uf_show_specific_survey":0,"_uf_disable_surveys":false,"iawp_total_views":0},"product_brand":[],"product_cat":[158,183],"product_tag":[],"class_list":{"0":"post-19862","1":"product","2":"type-product","3":"status-publish","4":"has-post-thumbnail","6":"product_cat-espirituosos","7":"product_cat-gin","9":"first","10":"instock","11":"shipping-taxable","12":"purchasable","13":"product-type-simple"},"_links":{"self":[{"href":"https:\/\/garrafeiragrandeescolha.pt\/it\/wp-json\/wp\/v2\/product\/19862","targetHints":{"allow":["GET"]}}],"collection":[{"href":"https:\/\/garrafeiragrandeescolha.pt\/it\/wp-json\/wp\/v2\/product"}],"about":[{"href":"https:\/\/garrafeiragrandeescolha.pt\/it\/wp-json\/wp\/v2\/types\/product"}],"wp:featuredmedia":[{"embeddable":true,"href":"https:\/\/garrafeiragrandeescolha.pt\/it\/wp-json\/wp\/v2\/media\/19863"}],"wp:attachment":[{"href":"https:\/\/garrafeiragrandeescolha.pt\/it\/wp-json\/wp\/v2\/media?parent=19862"}],"wp:term":[{"taxonomy":"product_brand","embeddable":true,"href":"https:\/\/garrafeiragrandeescolha.pt\/it\/wp-json\/wp\/v2\/product_brand?post=19862"},{"taxonomy":"product_cat","embeddable":true,"href":"https:\/\/garrafeiragrandeescolha.pt\/it\/wp-json\/wp\/v2\/product_cat?post=19862"},{"taxonomy":"product_tag","embeddable":true,"href":"https:\/\/garrafeiragrandeescolha.pt\/it\/wp-json\/wp\/v2\/product_tag?post=19862"}],"curies":[{"name":"wp","href":"https:\/\/api.w.org\/{rel}","templated":true}]}}