{"id":19864,"date":"2025-04-24T11:34:00","date_gmt":"2025-04-24T11:34:00","guid":{"rendered":"https:\/\/garrafeiragrandeescolha.pt\/?post_type=product&#038;p=19864"},"modified":"2025-04-24T11:39:48","modified_gmt":"2025-04-24T11:39:48","slug":"aguardente-marques-de-marialva-aguardente-velha-reserva-70cl","status":"publish","type":"product","link":"https:\/\/garrafeiragrandeescolha.pt\/it\/prodotto\/aguardente-marques-de-marialva-aguardente-velha-reserva-70cl\/","title":{"rendered":"Aguardente Marqu\u00eas de Marialva Aguardente Velha Reserva 70cl"},"content":{"rendered":"<p><img decoding=\"async\" class=\"size-full wp-image-15290 aligncenter\" src=\"http:\/\/garrafeiragrandeescolha.pt\/wp-content\/uploads\/2022\/02\/logo-adega-cantanhede.png\" alt=\"\" width=\"152\" height=\"93\" srcset=\"https:\/\/garrafeiragrandeescolha.pt\/wp-content\/uploads\/2022\/02\/logo-adega-cantanhede.png 152w, https:\/\/garrafeiragrandeescolha.pt\/wp-content\/uploads\/2022\/02\/logo-adega-cantanhede-150x93.png 150w\" sizes=\"(max-width: 152px) 100vw, 152px\" \/><\/p>\n<p>Fondata nel 1954 da un gruppo di 100 viticoltori, Adega de Cantanhede conta oggi 500 viticoltori associati attivi e una produzione annua compresa tra 6 e 7 milioni di chili di uva, diventando il principale produttore nella regione delimitata di Bairrada, rappresentando circa 40% del totale della regione produzione. Oggi certifica circa 80% della sua produzione, essendo un chiaro leader nella vendita dei vini DOC Bairrada DOC e Beira Atl\u00e2ntico IGP.<\/p>\n<p>Riconoscendo l&#039;enorme competitivit\u00e0 esistente nel mercato nazionale ed internazionale, l&#039;evoluzione qualitativa dei suoi vini \u00e8 il risultato della tecnologia pi\u00f9 moderna, con un&#039;attenzione particolare alla qualit\u00e0 e alla sicurezza alimentare (Azienda vinicola certificata ISO 9001:2015, e pi\u00f9 recentemente da IFS Food 6.1. ), ma anche la valorizzazione dei vitigni portoghesi, che da sempre guida la sua strategia, in particolare i tradizionali vitigni Bairrada \u2013 Baga, Bical e Maria Gomes \u2013 ma anche altri vitigni portoghesi che trovano\u00a0<em>Territorio<\/em>\u00a0d\u2019elezione, come Touriga Nacional, Aragonez e Arinto, poich\u00e9 crede nell\u2019inequivocabile potenziale di differenziazione e unicit\u00e0 che questo patrimonio conferisce ai suoi vini.<\/p>\n<p>Il suo portafoglio comprende una vasta gamma di prodotti. Nei rossi, bianchi e rosati, i suoi vini spaziano dai vini da tavola ai vini premium, oltre ad un&#039;ampia gamma di spumanti prodotti esclusivamente con Metodo Classico, oltre a grappe e vini liquorosi. Si tratta di un portafoglio che, grazie alla sua diversit\u00e0 e versatilit\u00e0, \u00e8 in grado di servire diversi segmenti di mercato, con diversi gradi di requisiti di qualit\u00e0, il che si traduce nella presenza dei suoi prodotti in pi\u00f9 di 20 mercati.<\/p>\n<p>La sua notoriet\u00e0 come produttore, cos\u00ec come quella dei suoi vini e marchi, \u00e8 stata confermata e rafforzata in modo sostenibile dai premi che ha accumulato nel suo catalogo, che si traduce in pi\u00f9 di 750 riconoscimenti assegnati nei pi\u00f9 prestigiosi concorsi nazionali e internazionali, con enfasi su Mundus Vini \u2013 Germania, Concours Mondial de Bruxelles, Selections Mondiales du Vins \u2013 Canada, Effervescents du Monde \u2013 Francia, Berliner Wein Trophy \u2013 Germania e Japan Wine Challenge. essendo in pi\u00f9 occasioni l&#039;unico produttore di Bairrada con vini premiati in questi concorsi e, quindi, oggi uno dei produttori pi\u00f9 premiati della regione.<\/p>\n<p>Nel 2015 \u00e8 stato inserito nella TOP 100 dei Migliori Produttori Mondiali, da WAWWJ \u2013 World Association of Wine and Spirits Journalists and Critics.<\/p>\n<p>Negli ultimi 8 anni \u00e8 stata eletta \u201cMiglior Cantina Cooperativa\u201d in Portogallo 3 volte dalla stampa specializzata:<\/p>\n<p>\u2013 Febbraio 2012 \u2013 \u201cMiglior Cantina Cooperativa dell\u2019Anno 2011\u201d da \u201cRevista de Vinhos\u201d.<\/p>\n<p>\u2013 Gennaio 2017 \u2013 \u201cMiglior Cantina Cooperativa\u201d nei Premi Speciali del Gala del 10\u00b0 Anniversario della rivista \u201cPassion for Wine\u201d.<\/p>\n<p>\u2013 Febbraio 2020 \u2013 \u201cMiglior Cantina Cooperativa dell\u2019Anno 2019\u201d dalla rivista \u201cVinho \u2013 Grandes Escolhas\u201d.<\/p>\n<p>Nel 2014 \u00e8 stato considerato \u201cMiglior produttore di vini spumanti 2013\u201d dai W Awards, di An\u00edbal Coutinho.<\/p>\n<p>Osvaldo Amado ne \u00e8 l&#039;enologo capo dal 2011. La sua carriera \u00e8 iniziata nel 1987 e oggi ha accumulato una vasta esperienza professionale nelle regioni vinicole portoghesi pi\u00f9 emblematiche, con particolare attenzione a Bairrada, D\u00e3o, Douro e Verdes, Tago e Lisbona, ma anche a livello internazionale livello, in Spagna, Italia, Sud Africa e Brasile.Con pi\u00f9 di 600 milioni di bottiglie prodotte, \u00e8 gi\u00e0 stato eletto 6 volte \u201cMiglior Enologo\u201d dalla stampa specializzata e dalle istituzioni di settore, e i suoi vini hanno gi\u00e0 ricevuto pi\u00f9 di 1100 premi Medaglie d&#039;Oro e d&#039;Argento nei pi\u00f9 prestigiosi concorsi nazionali ed internazionali.<\/p>","protected":false},"excerpt":{"rendered":"<p>Fundada em 1954 por um conjunto de 100 viticultores, a Adega de Cantanhede conta hoje com 500 viticultores associados activos e uma produ\u00e7\u00e3o anual de 6 a 7 milh\u00f5es de quilos de uva, constituindo-se como o principal produtor da Regi\u00e3o Demarcada da Bairrada, representando cerca de 40% da produ\u00e7\u00e3o global da regi\u00e3o. Hoje certifica cerca [&hellip;]<\/p>","protected":false},"featured_media":19865,"template":"","meta":{"_exactmetrics_skip_tracking":false,"_exactmetrics_sitenote_active":false,"_exactmetrics_sitenote_note":"","_exactmetrics_sitenote_category":0,"_uf_show_specific_survey":0,"_uf_disable_surveys":false,"iawp_total_views":8},"product_brand":[],"product_cat":[180,158],"product_tag":[],"class_list":{"0":"post-19864","1":"product","2":"type-product","3":"status-publish","4":"has-post-thumbnail","6":"product_cat-aguardente","7":"product_cat-espirituosos","9":"first","10":"instock","11":"shipping-taxable","12":"purchasable","13":"product-type-simple"},"_links":{"self":[{"href":"https:\/\/garrafeiragrandeescolha.pt\/it\/wp-json\/wp\/v2\/product\/19864","targetHints":{"allow":["GET"]}}],"collection":[{"href":"https:\/\/garrafeiragrandeescolha.pt\/it\/wp-json\/wp\/v2\/product"}],"about":[{"href":"https:\/\/garrafeiragrandeescolha.pt\/it\/wp-json\/wp\/v2\/types\/product"}],"wp:featuredmedia":[{"embeddable":true,"href":"https:\/\/garrafeiragrandeescolha.pt\/it\/wp-json\/wp\/v2\/media\/19865"}],"wp:attachment":[{"href":"https:\/\/garrafeiragrandeescolha.pt\/it\/wp-json\/wp\/v2\/media?parent=19864"}],"wp:term":[{"taxonomy":"product_brand","embeddable":true,"href":"https:\/\/garrafeiragrandeescolha.pt\/it\/wp-json\/wp\/v2\/product_brand?post=19864"},{"taxonomy":"product_cat","embeddable":true,"href":"https:\/\/garrafeiragrandeescolha.pt\/it\/wp-json\/wp\/v2\/product_cat?post=19864"},{"taxonomy":"product_tag","embeddable":true,"href":"https:\/\/garrafeiragrandeescolha.pt\/it\/wp-json\/wp\/v2\/product_tag?post=19864"}],"curies":[{"name":"wp","href":"https:\/\/api.w.org\/{rel}","templated":true}]}}