{"id":20116,"date":"2025-08-13T17:04:11","date_gmt":"2025-08-13T17:04:11","guid":{"rendered":"https:\/\/garrafeiragrandeescolha.pt\/?post_type=product&#038;p=20116"},"modified":"2025-11-25T16:08:28","modified_gmt":"2025-11-25T16:08:28","slug":"malhadinha-tinto-2022-3l","status":"publish","type":"product","link":"https:\/\/garrafeiragrandeescolha.pt\/it\/prodotto\/malhadinha-tinto-2022-3l\/","title":{"rendered":"Malhadinha Tinto 2022 3L"},"content":{"rendered":"<p><img fetchpriority=\"high\" decoding=\"async\" class=\"size-full wp-image-15337 aligncenter\" src=\"http:\/\/garrafeiragrandeescolha.pt\/wp-content\/uploads\/2022\/02\/malhadinha-logo.jpg\" sizes=\"(max-width: 250px) 100vw, 250px\" srcset=\"https:\/\/garrafeiragrandeescolha.pt\/wp-content\/uploads\/2022\/02\/malhadinha-logo.jpg 250w, https:\/\/garrafeiragrandeescolha.pt\/wp-content\/uploads\/2022\/02\/malhadinha-logo-150x150.jpg 150w, https:\/\/garrafeiragrandeescolha.pt\/wp-content\/uploads\/2022\/02\/malhadinha-logo-100x100.jpg 100w\" alt=\"\" width=\"250\" height=\"250\" \/><\/p>\n<p>Alentejo. Una delle regioni con la pi\u00f9 bassa densit\u00e0 di popolazione d&#039;Europa, risulta essere uno dei segreti meglio custoditi del Portogallo. Occupando un terzo del territorio nazionale, rivela paesaggi unici, immacolati, infiniti, di incalcolabile bellezza.<\/p>\n<p>Terra di accoglienza e ospitalit\u00e0, \u00e8 riconosciuta per l&#039;eccellenza della gastronomia e dei vini, il rispetto della sostenibilit\u00e0 ambientale e la conservazione di tradizioni e costumi ancestrali.<\/p>\n<p>La ricchezza culturale e storica \u00e8 incarnata nella classificazione del Patrimonio Mondiale (Elvas ed \u00c9vora) e del Patrimonio Culturale Immateriale dell&#039;Umanit\u00e0 (Cante Alentejano) e della Riserva della Biosfera dell&#039;UNESCO (Castro Verde).<\/p>\n<p>Herdade da Malhadinha Nova, situata ad Albernoa, Beja, nel cuore del Baixo Alentejo, emerge come parte di questa capsula del tempo che si estende su 450 ettari.<\/p>\n<p>Qui il tempo sembra fermarsi, la storia risale a tempi immemorabili, il territorio occupa uno spazio infinito e viviamo la quotidianit\u00e0 immersi in un silenzio che si lascia ascoltare.<\/p>\n<p>Lontano e vicino a tutto, l&#039;immensit\u00e0 a perdita d&#039;occhio permette di vivere in privacy, armonia e sicurezza. Isolamento combinato con esclusivit\u00e0 che serve agli scopi di famiglie, gruppi di amici, coppie o soli.<\/p>","protected":false},"excerpt":{"rendered":"<p>Alentejo. Uma das regi\u00f5es com menor densidade populacional da Europa, revela-se com um dos segredos bem guardados de Portugal. Ocupando um ter\u00e7o do territ\u00f3rio nacional, desvenda paisagens \u00fanicas, imaculadas, intermin\u00e1veis e de incalcul\u00e1vel beleza. Terra de acolhimento e de hospitalidade, \u00e9 reconhecida pela gastronomia e vinhos de excel\u00eancia, respeito pela sustentabilidade ambiental e preserva\u00e7\u00e3o de [&hellip;]<\/p>","protected":false},"featured_media":20120,"template":"","meta":{"_exactmetrics_skip_tracking":false,"_exactmetrics_sitenote_active":false,"_exactmetrics_sitenote_note":"","_exactmetrics_sitenote_category":0,"_uf_show_specific_survey":0,"_uf_disable_surveys":false,"iawp_total_views":17},"product_brand":[],"product_cat":[207,184,157],"product_tag":[],"class_list":{"0":"post-20116","1":"product","2":"type-product","3":"status-publish","4":"has-post-thumbnail","6":"product_cat-alentejo","7":"product_cat-tinto","8":"product_cat-vinhos","9":"pa_capacidade-254","10":"pa_pais-portugal","11":"pa_regiao-alentejo","12":"pa_tipo-vinho-tinto","14":"first","15":"instock","16":"shipping-taxable","17":"purchasable","18":"product-type-simple"},"_links":{"self":[{"href":"https:\/\/garrafeiragrandeescolha.pt\/it\/wp-json\/wp\/v2\/product\/20116","targetHints":{"allow":["GET"]}}],"collection":[{"href":"https:\/\/garrafeiragrandeescolha.pt\/it\/wp-json\/wp\/v2\/product"}],"about":[{"href":"https:\/\/garrafeiragrandeescolha.pt\/it\/wp-json\/wp\/v2\/types\/product"}],"wp:featuredmedia":[{"embeddable":true,"href":"https:\/\/garrafeiragrandeescolha.pt\/it\/wp-json\/wp\/v2\/media\/20120"}],"wp:attachment":[{"href":"https:\/\/garrafeiragrandeescolha.pt\/it\/wp-json\/wp\/v2\/media?parent=20116"}],"wp:term":[{"taxonomy":"product_brand","embeddable":true,"href":"https:\/\/garrafeiragrandeescolha.pt\/it\/wp-json\/wp\/v2\/product_brand?post=20116"},{"taxonomy":"product_cat","embeddable":true,"href":"https:\/\/garrafeiragrandeescolha.pt\/it\/wp-json\/wp\/v2\/product_cat?post=20116"},{"taxonomy":"product_tag","embeddable":true,"href":"https:\/\/garrafeiragrandeescolha.pt\/it\/wp-json\/wp\/v2\/product_tag?post=20116"}],"curies":[{"name":"wp","href":"https:\/\/api.w.org\/{rel}","templated":true}]}}