{"id":20188,"date":"2025-09-19T15:24:08","date_gmt":"2025-09-19T15:24:08","guid":{"rendered":"https:\/\/garrafeiragrandeescolha.pt\/?post_type=product&#038;p=20188"},"modified":"2025-09-24T09:54:21","modified_gmt":"2025-09-24T09:54:21","slug":"solar-de-serrade-colheita-tardia-50cl","status":"publish","type":"product","link":"https:\/\/garrafeiragrandeescolha.pt\/it\/prodotto\/solar-de-serrade-colheita-tardia-50cl\/","title":{"rendered":"Solar de Serrade Colheita Tardia 50cl"},"content":{"rendered":"<p>Casa armoriada dos meados do s\u00e9culo XVII, dentro da arquitectura t\u00edpica solarenga altominhota, em que duas torres flanqueiam o corpo central mais baixo e mais longo. Tem capela e jardim rom\u00e2ntico. O morgado de Serrade foi instituido pelo Padre Dr. Belchior\u00a0\u00a0\u00a0\u00a0 Barbosa. Os seus sucessores e descendentes foram governadores e capit\u00e3es \u2013 mor de Mon\u00e7\u00e3o e andaram por Mo\u00e7ambique e pelas \u00cdndias. Esteve instalado em Serrade(1801), sob o comando do Marqu\u00eas de la Rosi\u00e8re, o Quartel General das for\u00e7as de vigil\u00e2ncia de fronteira.<\/p>\n<p>O Solar de Serrade, inaugurado pelo Senhor Secret\u00e1rio do Com\u00e9rcio e Turismo, Dr. Jaime Andrez, em 8\/8\/1997, tem vindo, desde ent\u00e3o, a receber a visita das maiores e mais diversas personalidades.<\/p>","protected":false},"excerpt":{"rendered":"<p>Classifica\u00e7\u00e3o Tipo: V.Q.P.R.D.<\/p>\n<p>Castas: Alvarinho<\/p>\n<p>Regi\u00e3o: Vinhos Verdes<\/p>\n<p>Teor alco\u00f3lico: 14% Vol.<\/p>\n<p>Acidez fixa: 6,0 g\/l<\/p>\n<p>A\u00e7\u00facar: 66,7 g\/l<\/p>\n<p>Elegante vinho doce<\/p>\n<p>Nariz: Aroma intenso e frutado, notas ex\u00f3ticas e ligeiro floral.<\/p>\n<p>Paladar: Revela uma textura rica e untuosa, um paladar equilibrado, com final de boca muito agrad\u00e1vel e persistente.<\/p>","protected":false},"featured_media":20189,"template":"","meta":{"_exactmetrics_skip_tracking":false,"_exactmetrics_sitenote_active":false,"_exactmetrics_sitenote_note":"","_exactmetrics_sitenote_category":0,"_uf_show_specific_survey":0,"_uf_disable_surveys":false,"iawp_total_views":25},"product_brand":[],"product_cat":[165,157],"product_tag":[],"class_list":{"0":"post-20188","1":"product","2":"type-product","3":"status-publish","4":"has-post-thumbnail","6":"product_cat-colheita-tardia","7":"product_cat-vinhos","9":"first","10":"instock","11":"shipping-taxable","12":"purchasable","13":"product-type-simple"},"_links":{"self":[{"href":"https:\/\/garrafeiragrandeescolha.pt\/it\/wp-json\/wp\/v2\/product\/20188","targetHints":{"allow":["GET"]}}],"collection":[{"href":"https:\/\/garrafeiragrandeescolha.pt\/it\/wp-json\/wp\/v2\/product"}],"about":[{"href":"https:\/\/garrafeiragrandeescolha.pt\/it\/wp-json\/wp\/v2\/types\/product"}],"wp:featuredmedia":[{"embeddable":true,"href":"https:\/\/garrafeiragrandeescolha.pt\/it\/wp-json\/wp\/v2\/media\/20189"}],"wp:attachment":[{"href":"https:\/\/garrafeiragrandeescolha.pt\/it\/wp-json\/wp\/v2\/media?parent=20188"}],"wp:term":[{"taxonomy":"product_brand","embeddable":true,"href":"https:\/\/garrafeiragrandeescolha.pt\/it\/wp-json\/wp\/v2\/product_brand?post=20188"},{"taxonomy":"product_cat","embeddable":true,"href":"https:\/\/garrafeiragrandeescolha.pt\/it\/wp-json\/wp\/v2\/product_cat?post=20188"},{"taxonomy":"product_tag","embeddable":true,"href":"https:\/\/garrafeiragrandeescolha.pt\/it\/wp-json\/wp\/v2\/product_tag?post=20188"}],"curies":[{"name":"wp","href":"https:\/\/api.w.org\/{rel}","templated":true}]}}