{"id":20231,"date":"2025-10-08T11:37:08","date_gmt":"2025-10-08T11:37:08","guid":{"rendered":"https:\/\/garrafeiragrandeescolha.pt\/?post_type=product&#038;p=20231"},"modified":"2025-10-08T11:37:41","modified_gmt":"2025-10-08T11:37:41","slug":"cem-reis-viognier-branco-2024-75cl","status":"publish","type":"product","link":"https:\/\/garrafeiragrandeescolha.pt\/it\/prodotto\/cem-reis-viognier-branco-2024-75cl\/","title":{"rendered":"Cem Reis Viognier Branco 2024 75cl"},"content":{"rendered":"<p><img fetchpriority=\"high\" decoding=\"async\" class=\"size-medium wp-image-15273 aligncenter\" src=\"http:\/\/garrafeiragrandeescolha.pt\/wp-content\/uploads\/2022\/02\/Herdade-da-maroteira-logo-300x300.png\" alt=\"\" width=\"300\" height=\"300\" srcset=\"https:\/\/garrafeiragrandeescolha.pt\/wp-content\/uploads\/2022\/02\/Herdade-da-maroteira-logo-300x300.png 300w, https:\/\/garrafeiragrandeescolha.pt\/wp-content\/uploads\/2022\/02\/Herdade-da-maroteira-logo-150x150.png 150w, https:\/\/garrafeiragrandeescolha.pt\/wp-content\/uploads\/2022\/02\/Herdade-da-maroteira-logo-100x100.png 100w, https:\/\/garrafeiragrandeescolha.pt\/wp-content\/uploads\/2022\/02\/Herdade-da-maroteira-logo.png 600w\" sizes=\"(max-width: 300px) 100vw, 300px\" \/><\/p>\n<p>Situata ai piedi della Serra D&#039;Ossa, a soli 35 km a nord di \u00c9vora, Herdade da Maroteira \u00e8 una propriet\u00e0 di 540 ettari che appartiene alla stessa famiglia anglo-portoghese da 5 generazioni, dalla met\u00e0 del XIX secolo. A quel tempo, Robert Reynolds invest\u00ec nella foresta di querce da sughero dell&#039;Alentejo per soddisfare le esigenze dell&#039;industria del vino di Porto nel nord del Portogallo.<\/p>\n<div class=\"wpb_text_column wpb_content_element\">\n<div class=\"wpb_wrapper\">\n<p>Per circa 150 anni, oltre al sughero, l&#039;azienda produceva principalmente bovini e alcune olive. Nel 2000, Philip Mollet, attuale proprietario e gestore, rivoluziona la strategia dell&#039;azienda agricola e pianta vigneti. Il vitigno Syrah scelto si \u00e8 rivelato un enorme successo sotto forma del vino Cem Reis acclamato in tutto il mondo. Successivamente, dalla piantagione di vigneti di Alicante Bouschet, Aragon\u00eaz e Touriga Nacional in una valle aperta, \u00e8 nata un&#039;affascinante selezione di rossi, bianchi e rosati.<\/p>\n<\/div>\n<\/div>\n<div class=\"wpb_text_column wpb_content_element\">\n<div class=\"wpb_wrapper\">\n<p>Nel 2004, l&#039;agroturismo (turismo rurale) \u00e8 stata la naturale evoluzione dell&#039;azienda agricola, ideale per rilassarsi in una zona storica con splendidi paesaggi nell&#039;Alentejo, in Portogallo. Questo \u00e8 l&#039;ambiente perfetto per una piacevole avventura attraverso la foresta di sughero, concentrandosi sull&#039;incredibile mondo del sughero, con un giro in jeep o un&#039;escursione... e il birdwatching (Birdwatching) o le stelle (Stargazing). Intorno ad esso si possono svolgere le tipiche attivit\u00e0 agricole stagionali: estrazione manuale del sughero (maggio\/giugno), raccolta, allevamento di agnelli e tosatura delle pecore, raccolta delle olive. In autunno e inverno, i maiali neri (da cui si ricava il prosciutto) provengono dalla Spagna e vagano liberamente, nutrendosi di ghiande.<\/p>\n<\/div>\n<\/div>","protected":false},"excerpt":{"rendered":"<p>Con uve prodotte sui terreni di famiglia a Montemor-o-Novo, risulta da un&#039;accurata selezione delle uve, 9 mesi di invecchiamento in botti nuove di rovere francese con 30 giorni di intenso batonnage e 8 mesi di riposo. Un vino molto equilibrato, elegante ma strutturato, con forti note di agrumi pur essendo untuoso e rotondo in bocca.<\/p>","protected":false},"featured_media":7157,"template":"","meta":{"_exactmetrics_skip_tracking":false,"_exactmetrics_sitenote_active":false,"_exactmetrics_sitenote_note":"","_exactmetrics_sitenote_category":0,"_uf_show_specific_survey":0,"_uf_disable_surveys":false,"iawp_total_views":30},"product_brand":[],"product_cat":[162,157,201,185,189],"product_tag":[],"class_list":{"0":"post-20231","1":"product","2":"type-product","3":"status-publish","4":"has-post-thumbnail","6":"product_cat-raridades","7":"product_cat-vinhos","8":"product_cat-grandes-vinhos","9":"product_cat-branco","10":"product_cat-alentejo-branco","12":"first","13":"instock","14":"shipping-taxable","15":"purchasable","16":"product-type-simple"},"_links":{"self":[{"href":"https:\/\/garrafeiragrandeescolha.pt\/it\/wp-json\/wp\/v2\/product\/20231","targetHints":{"allow":["GET"]}}],"collection":[{"href":"https:\/\/garrafeiragrandeescolha.pt\/it\/wp-json\/wp\/v2\/product"}],"about":[{"href":"https:\/\/garrafeiragrandeescolha.pt\/it\/wp-json\/wp\/v2\/types\/product"}],"wp:featuredmedia":[{"embeddable":true,"href":"https:\/\/garrafeiragrandeescolha.pt\/it\/wp-json\/wp\/v2\/media\/7157"}],"wp:attachment":[{"href":"https:\/\/garrafeiragrandeescolha.pt\/it\/wp-json\/wp\/v2\/media?parent=20231"}],"wp:term":[{"taxonomy":"product_brand","embeddable":true,"href":"https:\/\/garrafeiragrandeescolha.pt\/it\/wp-json\/wp\/v2\/product_brand?post=20231"},{"taxonomy":"product_cat","embeddable":true,"href":"https:\/\/garrafeiragrandeescolha.pt\/it\/wp-json\/wp\/v2\/product_cat?post=20231"},{"taxonomy":"product_tag","embeddable":true,"href":"https:\/\/garrafeiragrandeescolha.pt\/it\/wp-json\/wp\/v2\/product_tag?post=20231"}],"curies":[{"name":"wp","href":"https:\/\/api.w.org\/{rel}","templated":true}]}}