{"id":20275,"date":"2025-10-16T10:48:26","date_gmt":"2025-10-16T10:48:26","guid":{"rendered":"https:\/\/garrafeiragrandeescolha.pt\/?post_type=product&#038;p=20275"},"modified":"2025-10-16T14:42:34","modified_gmt":"2025-10-16T14:42:34","slug":"grandes-quintas-superior-tinto-2021-1-5l","status":"publish","type":"product","link":"https:\/\/garrafeiragrandeescolha.pt\/it\/prodotto\/grandes-quintas-superior-tinto-2021-1-5l\/","title":{"rendered":"Grandes Quintas Superior Tinto 2021 1.5L"},"content":{"rendered":"<p><img fetchpriority=\"high\" decoding=\"async\" class=\"size-medium wp-image-15184 aligncenter\" src=\"http:\/\/garrafeiragrandeescolha.pt\/wp-content\/uploads\/2022\/02\/arrochella-logo-300x180.png\" alt=\"\" width=\"300\" height=\"180\" srcset=\"https:\/\/garrafeiragrandeescolha.pt\/wp-content\/uploads\/2022\/02\/arrochella-logo-300x180.png 300w, https:\/\/garrafeiragrandeescolha.pt\/wp-content\/uploads\/2022\/02\/arrochella-logo.png 357w\" sizes=\"(max-width: 300px) 100vw, 300px\" \/><\/p>\n<p>Con circa 600 ettari, distribuiti in cinque aziende agricole, Casa de Arrochella fa parte della nuova generazione di produttori di vini DOC Douro e oli d&#039;oliva DOP Tr\u00e1s-os-Montes. Discendente e successore di Nicolau de Arrochella Moraes e Castro Pimentel, 1\u00b0 Conte di Arrochella, Bernardo Alegria \u00e8 la forza trainante di questo progetto Douro Superior con oltre 115 ettari di vigneti. Ha cercato di unire la storia degli importanti legami di Casa de Arrochella nella regione di Tr\u00e1s-os-Montes e dell&#039;Alto Douro con la sua passione e dedizione al Douro. \u00c8 nella sottoregione del Douro Superiore, tra Vila Flor, Torre de Moncorvo e Foz C\u00f4a, che avviene tutta la produzione di vino e olio d&#039;oliva.<\/p>","protected":false},"excerpt":{"rendered":"<p>Castas: Touriga Nacional, Tinta Roriz, Touriga Franca, Sous\u00e3o<\/p>\n<p>Cor vermelha fechada com reflexos granada.\u00a0Aroma floral intenso e fresco, num conjunto muito complexo e equilibrado.\u00a0Na boca \u00e9 delicado, fresco e muito persistente.\u00a0Ricas notas de especiarias e florais, taninos finos e elegantes, final longo e persistente.<\/p>","protected":false},"featured_media":20276,"template":"","meta":{"_exactmetrics_skip_tracking":false,"_exactmetrics_sitenote_active":false,"_exactmetrics_sitenote_note":"","_exactmetrics_sitenote_category":0,"_uf_show_specific_survey":0,"_uf_disable_surveys":false,"iawp_total_views":27},"product_brand":[],"product_cat":[157,184,215],"product_tag":[],"class_list":{"0":"post-20275","1":"product","2":"type-product","3":"status-publish","4":"has-post-thumbnail","6":"product_cat-vinhos","7":"product_cat-tinto","8":"product_cat-douro","10":"first","11":"instock","12":"shipping-taxable","13":"purchasable","14":"product-type-simple"},"_links":{"self":[{"href":"https:\/\/garrafeiragrandeescolha.pt\/it\/wp-json\/wp\/v2\/product\/20275","targetHints":{"allow":["GET"]}}],"collection":[{"href":"https:\/\/garrafeiragrandeescolha.pt\/it\/wp-json\/wp\/v2\/product"}],"about":[{"href":"https:\/\/garrafeiragrandeescolha.pt\/it\/wp-json\/wp\/v2\/types\/product"}],"wp:featuredmedia":[{"embeddable":true,"href":"https:\/\/garrafeiragrandeescolha.pt\/it\/wp-json\/wp\/v2\/media\/20276"}],"wp:attachment":[{"href":"https:\/\/garrafeiragrandeescolha.pt\/it\/wp-json\/wp\/v2\/media?parent=20275"}],"wp:term":[{"taxonomy":"product_brand","embeddable":true,"href":"https:\/\/garrafeiragrandeescolha.pt\/it\/wp-json\/wp\/v2\/product_brand?post=20275"},{"taxonomy":"product_cat","embeddable":true,"href":"https:\/\/garrafeiragrandeescolha.pt\/it\/wp-json\/wp\/v2\/product_cat?post=20275"},{"taxonomy":"product_tag","embeddable":true,"href":"https:\/\/garrafeiragrandeescolha.pt\/it\/wp-json\/wp\/v2\/product_tag?post=20275"}],"curies":[{"name":"wp","href":"https:\/\/api.w.org\/{rel}","templated":true}]}}