{"id":20460,"date":"2025-11-03T16:52:41","date_gmt":"2025-11-03T16:52:41","guid":{"rendered":"https:\/\/garrafeiragrandeescolha.pt\/?post_type=product&#038;p=20460"},"modified":"2026-02-04T11:59:41","modified_gmt":"2026-02-04T11:59:41","slug":"real-companhia-velha-espumante-bruto-75cl","status":"publish","type":"product","link":"https:\/\/garrafeiragrandeescolha.pt\/it\/prodotto\/real-companhia-velha-espumante-bruto-75cl\/","title":{"rendered":"Real Companhia Velha Espumante Bruto 75cl"},"content":{"rendered":"<p><img decoding=\"async\" class=\"size-medium wp-image-16024 aligncenter\" src=\"http:\/\/garrafeiragrandeescolha.pt\/wp-content\/uploads\/2022\/05\/real-companhia-velha-logo-300x120.jpg\" alt=\"\" width=\"300\" height=\"120\" srcset=\"https:\/\/garrafeiragrandeescolha.pt\/wp-content\/uploads\/2022\/05\/real-companhia-velha-logo-300x120.jpg 300w, https:\/\/garrafeiragrandeescolha.pt\/wp-content\/uploads\/2022\/05\/real-companhia-velha-logo-1024x410.jpg 1024w, https:\/\/garrafeiragrandeescolha.pt\/wp-content\/uploads\/2022\/05\/real-companhia-velha-logo-768x307.jpg 768w, https:\/\/garrafeiragrandeescolha.pt\/wp-content\/uploads\/2022\/05\/real-companhia-velha-logo-18x7.jpg 18w, https:\/\/garrafeiragrandeescolha.pt\/wp-content\/uploads\/2022\/05\/real-companhia-velha-logo-600x240.jpg 600w, https:\/\/garrafeiragrandeescolha.pt\/wp-content\/uploads\/2022\/05\/real-companhia-velha-logo.jpg 1250w\" sizes=\"(max-width: 300px) 100vw, 300px\" \/><\/p>\n<div id=\"fws_6275432146300\" class=\"wpb_row vc_row-fluid vc_row standard_section\" data-midnight=\"\" data-column-margin=\"default\" data-bg-mobile-hidden=\"\">\n<div class=\"col span_12 left\">\n<div class=\"vc_col-sm-10 wpb_column column_container vc_column_container col no-extra-padding instance-3 no-left-margin\" data-t-w-inherits=\"default\" data-shadow=\"none\" data-border-radius=\"none\" data-border-animation=\"\" data-border-animation-delay=\"\" data-border-width=\"none\" data-border-style=\"solid\" data-border-color=\"\" data-bg-cover=\"\" data-padding-pos=\"all\" data-has-bg-color=\"false\" data-bg-color=\"\" data-bg-opacity=\"1\" data-hover-bg=\"\" data-hover-bg-opacity=\"1\" data-animation=\"\" data-delay=\"0\">\n<div class=\"vc_column-inner\">\n<div class=\"wpb_wrapper\">\n<p class=\"vc_custom_heading\">A Real Companhia Velha foi fundada a 10 de Setembro de 1756 por Carta R\u00e9gia do Rei D. Jos\u00e9 I, sob os ausp\u00edcios do seu Primeiro-Ministro, Sebasti\u00e3o Jos\u00e9 de Carvalho e Melo, Conde de Oeiras e Marqu\u00eas de Pombal e desde ent\u00e3o tem sido fiel \u00e0s suas antigas tradi\u00e7\u00f5es, oferecendo os melhores Vinhos do Porto.<\/p>\n<p class=\"vc_custom_heading\">A Empresa \u00e9 propriet\u00e1ria de algumas das melhores Quintas do Douro, localizadas nas melhores zonas da Regi\u00e3o. Os Portos Brancos s\u00e3o origin\u00e1rios da Quinta do Casal da Granja onde o clima fresco \u00e9 perfeito para a produ\u00e7\u00e3o de uvas brancas. Os Portos Tintos s\u00e3o produzidos a partir de parcelas plantadas na Quinta das Carvalhas, Aciprestes e S\u00edbio. As Vinhas Velhas localizadas na Quinta das Carvalhas s\u00e3o a origem dos nossos Portos Premium como Vintages e Colheitas.<\/p>\n<\/div>\n<\/div>\n<\/div>\n<\/div>\n<\/div>","protected":false},"excerpt":{"rendered":"<p>O Real Companhia Velha Espumante Bruto\u00a0\u00e9 resultado de uma criteriosa selec\u00e7\u00e3o de Pinot Noir e Chardonnay oriundos essencialmente da Quinta de Cidr\u00f4 em S\u00e3o Jo\u00e3o da Pesqueira, sendo que uma parte do Pinot \u00e9 apanhado na Quinta do Casal da Granja no planalto de Alij\u00f3. O terroir de Cidr\u00f4, pela sua altitude e clima ameno, permite um ciclo mais longo na videira, permitindo assim que tanto o Pinot Noir como o Chardonnay possam ser vindimados na altura perfeita para serem espumantizados. Esta bel\u00edssima Quinta, embora esteja localizada a 550m de altitude, disp\u00f5e de um solo pobre, xistoso, o que resulta em menores produ\u00e7\u00f5es, o que conferem a este Espumante uma excelente textura, volume e acidez. J\u00e1 no planalto de Alij\u00f3, na Quinta do Casal da Granja, os solos mais ricos e o clima ainda mais fresco, resultam em vinhos mais frescos e arom\u00e1ticos. Atrav\u00e9s de uma monda propositada, de forma preservar um n\u00edvel elevado de acidez natural das uvas, s\u00e3o apanhados os cachos mais verdes os quais s\u00e3o vinificados em pequenas cubas de inox como bases para os lotes finais.<\/p>","protected":false},"featured_media":20461,"template":"","meta":{"_exactmetrics_skip_tracking":false,"_exactmetrics_sitenote_active":false,"_exactmetrics_sitenote_note":"","_exactmetrics_sitenote_category":0,"_uf_show_specific_survey":0,"_uf_disable_surveys":false,"iawp_total_views":4},"product_brand":[],"product_cat":[177,160],"product_tag":[],"class_list":{"0":"post-20460","1":"product","2":"type-product","3":"status-publish","4":"has-post-thumbnail","6":"product_cat-espumante","7":"product_cat-espumantes","9":"first","10":"instock","11":"shipping-taxable","12":"purchasable","13":"product-type-simple"},"_links":{"self":[{"href":"https:\/\/garrafeiragrandeescolha.pt\/it\/wp-json\/wp\/v2\/product\/20460","targetHints":{"allow":["GET"]}}],"collection":[{"href":"https:\/\/garrafeiragrandeescolha.pt\/it\/wp-json\/wp\/v2\/product"}],"about":[{"href":"https:\/\/garrafeiragrandeescolha.pt\/it\/wp-json\/wp\/v2\/types\/product"}],"wp:featuredmedia":[{"embeddable":true,"href":"https:\/\/garrafeiragrandeescolha.pt\/it\/wp-json\/wp\/v2\/media\/20461"}],"wp:attachment":[{"href":"https:\/\/garrafeiragrandeescolha.pt\/it\/wp-json\/wp\/v2\/media?parent=20460"}],"wp:term":[{"taxonomy":"product_brand","embeddable":true,"href":"https:\/\/garrafeiragrandeescolha.pt\/it\/wp-json\/wp\/v2\/product_brand?post=20460"},{"taxonomy":"product_cat","embeddable":true,"href":"https:\/\/garrafeiragrandeescolha.pt\/it\/wp-json\/wp\/v2\/product_cat?post=20460"},{"taxonomy":"product_tag","embeddable":true,"href":"https:\/\/garrafeiragrandeescolha.pt\/it\/wp-json\/wp\/v2\/product_tag?post=20460"}],"curies":[{"name":"wp","href":"https:\/\/api.w.org\/{rel}","templated":true}]}}