{"id":20473,"date":"2025-11-04T12:00:07","date_gmt":"2025-11-04T12:00:07","guid":{"rendered":"https:\/\/garrafeiragrandeescolha.pt\/?post_type=product&#038;p=20473"},"modified":"2025-11-07T18:30:20","modified_gmt":"2025-11-07T18:30:20","slug":"quinta-ataide-biologico-tinto-75cl","status":"publish","type":"product","link":"https:\/\/garrafeiragrandeescolha.pt\/it\/prodotto\/quinta-ataide-biologico-tinto-75cl\/","title":{"rendered":"Quinta Ata\u00edde Biol\u00f3gico Tinto 2017 75cl"},"content":{"rendered":"<p>Os vinhos Quinta do Ata\u00edde s\u00e3o elaborados a partir de uvas de produ\u00e7\u00e3o biol\u00f3gica desta vinha com 81 hectares localizada no long\u00ednquo vale da Vilari\u00e7a, Douro Superior. A Vilari\u00e7a \u00e9 um lugar \u00fanico, caraterizado por um terreno moderadamente ondulado constitu\u00eddo por solos de xisto, t\u00edpicos do Douro, aqui com uma componente de argila que ajuda a reter a humidade na vinha.<\/p>\n<p>Produzido na Quinta do Ata\u00edde no vale da Vilari\u00e7a (Douro Superior), uma zona com fortes contrastes com as vinhas de montanha escarpadas que cobrem a maior parte da restante regi\u00e3o do Douro. Neste vale, a precipita\u00e7\u00e3o \u00e9 escassa, a rondar os 500mm anuais com invernos muito frios e ver\u00f5es quentes. A conjuga\u00e7\u00e3o destes fatores propicia a agricultura biol\u00f3gica e contribui para a produ\u00e7\u00e3o de vinhos do Douro excecionais, muito arom\u00e1ticos e de cor e sabores concentrados.<\/p>","protected":false},"excerpt":{"rendered":"<p>Um vinho elaborado exclusivamente com uvas de produ\u00e7\u00e3o biol\u00f3gica das castas Touriga Franca, Touriga Nacional e Alicante Bouschet apresenta aromas de esteva e vegeta\u00e7\u00e3o mediterr\u00e2nica, com notas de caruma e sugest\u00f5es de baunilha, que resultam da barrica de carvalho franc\u00eas bem casada no conjunto. Estrutura possante com taninos finos a conjugarem-se harmoniosamente com a acidez. Casa na perfei\u00e7\u00e3o com pratos vegan especiados e aves no forno.<\/p>","protected":false},"featured_media":20474,"template":"","meta":{"_exactmetrics_skip_tracking":false,"_exactmetrics_sitenote_active":false,"_exactmetrics_sitenote_note":"","_exactmetrics_sitenote_category":0,"_uf_show_specific_survey":0,"_uf_disable_surveys":false,"iawp_total_views":4},"product_brand":[],"product_cat":[157,184,215],"product_tag":[],"class_list":{"0":"post-20473","1":"product","2":"type-product","3":"status-publish","4":"has-post-thumbnail","6":"product_cat-vinhos","7":"product_cat-tinto","8":"product_cat-douro","10":"first","11":"instock","12":"shipping-taxable","13":"purchasable","14":"product-type-simple"},"_links":{"self":[{"href":"https:\/\/garrafeiragrandeescolha.pt\/it\/wp-json\/wp\/v2\/product\/20473","targetHints":{"allow":["GET"]}}],"collection":[{"href":"https:\/\/garrafeiragrandeescolha.pt\/it\/wp-json\/wp\/v2\/product"}],"about":[{"href":"https:\/\/garrafeiragrandeescolha.pt\/it\/wp-json\/wp\/v2\/types\/product"}],"wp:featuredmedia":[{"embeddable":true,"href":"https:\/\/garrafeiragrandeescolha.pt\/it\/wp-json\/wp\/v2\/media\/20474"}],"wp:attachment":[{"href":"https:\/\/garrafeiragrandeescolha.pt\/it\/wp-json\/wp\/v2\/media?parent=20473"}],"wp:term":[{"taxonomy":"product_brand","embeddable":true,"href":"https:\/\/garrafeiragrandeescolha.pt\/it\/wp-json\/wp\/v2\/product_brand?post=20473"},{"taxonomy":"product_cat","embeddable":true,"href":"https:\/\/garrafeiragrandeescolha.pt\/it\/wp-json\/wp\/v2\/product_cat?post=20473"},{"taxonomy":"product_tag","embeddable":true,"href":"https:\/\/garrafeiragrandeescolha.pt\/it\/wp-json\/wp\/v2\/product_tag?post=20473"}],"curies":[{"name":"wp","href":"https:\/\/api.w.org\/{rel}","templated":true}]}}