{"id":20526,"date":"2025-11-05T14:37:33","date_gmt":"2025-11-05T14:37:33","guid":{"rendered":"https:\/\/garrafeiragrandeescolha.pt\/?post_type=product&#038;p=20526"},"modified":"2025-11-07T18:27:44","modified_gmt":"2025-11-07T18:27:44","slug":"vinho-pocas-vinha-do-cerro-tinto-75cl","status":"publish","type":"product","link":"https:\/\/garrafeiragrandeescolha.pt\/it\/prodotto\/vinho-pocas-vinha-do-cerro-tinto-75cl\/","title":{"rendered":"Vinho Po\u00e7as Vinha Do Cerro Tinto 2022 75cl"},"content":{"rendered":"<p>\u201cA Po\u00e7as \u00e9 o lado portugu\u00eas da hist\u00f3ria do Douro. (\u2026)\u00a0 \u00e9 uma das raras empresas de Vinho do Porto que nasceu portuguesa e se mant\u00e9m na posse da mesma fam\u00edlia desde a sua funda\u00e7\u00e3o\u201d.<\/p>\n<p>A\u00a0Po\u00e7as \u00e9 uma empresa familiar portuguesa produtora de vinhos do Porto e DOC Douro. Est\u00e1 orgulhosamente nas m\u00e3os da fam\u00edlia hom\u00f3nima que a criou h\u00e1 j\u00e1 mais de um s\u00e9culo, sendo por isso mesmo considerada como<em>\u00a0\u201co lado mais portugu\u00eas da hist\u00f3ria do Douro vinhateiro\u201d.<\/em><\/p>\n<p>Nascida em 1918 fruto das m\u00e3os e da coragem de Manoel Domingues Po\u00e7as J\u00fanior que, ao longo do tempo foi contagiando a fam\u00edlia com o seu conhecimento e paix\u00e3o pelo mundo que \u00e9 o vinho. Atualmente a Po\u00e7as \u00e9 gerida pela 4\u00aa gera\u00e7\u00e3o da fam\u00edlia: Maria Manuel Maia (respons\u00e1vel pelas \u00e1reas de Enologia e Viticultora), Paulo Pint\u00e3o (Produ\u00e7\u00e3o e Administrativa\/Financeira) e Pedro Po\u00e7as Pint\u00e3o (Comercial e Marketing).<\/p>\n<p>A sede da empresa fica no centro hist\u00f3rico de Vila Nova de Gaia, onde se encontra igualmente o Centro de Visitas, aberto ao p\u00fablico desde 2016.<\/p>\n<p>Atualmente a Po\u00e7as tem tr\u00eas Quintas, com uma \u00e1rea total de 100 hectares (76 hectares de vinha em produ\u00e7\u00e3o), cada uma localizada numa zona diferente da Regi\u00e3o Demarcada do Douro: a Quinta das Quartas, que integra o centro de vinifica\u00e7\u00e3o por onde todos os vinhos passam (Baixo Corgo), a Quinta de Santa B\u00e1rbara, com as estimadas Vinhas Velhas (Cima Corgo) e a Quinta de Vale de Cavalos, junto \u00e0 Ribeira de Teja e com a altitude e solo de xisto e granito que a caracterizam (Douro Superior).<\/p>\n<p>Com \u00e2nimo continuamente refor\u00e7ado pelo reconhecimento crescente dos seus frutos em todo o mundo, a Po\u00e7as caminha com os olhos postos no futuro, aliando o conhecimento de anci\u00e3o centen\u00e1rio \u00e0 for\u00e7a e aud\u00e1cia que corre na gera\u00e7\u00e3o mais jovem.<\/p>\n<p>A inspira\u00e7\u00e3o \u00e9, como sempre foi, o inigual\u00e1vel terroir do Douro, e a resili\u00eancia \u00e9 o nome do meio da fam\u00edlia, por isso a Po\u00e7as est\u00e1 mais do que pronta para viver e celebrar mais 100 anos de vida.<\/p>","protected":false},"excerpt":{"rendered":"<p>O Vinho Po\u00e7as Vinha do Cerro Tinto 2022 \u00e9 uma verdadeira express\u00e3o do terroir do Douro, produzido a partir de vinhas velhas da Quinta de Santa B\u00e1rbara, em Ervedosa do Douro, na sub-regi\u00e3o do Cima Corgo. Este tinto reflete a riqueza de uma vinha de altitude, combinada com a tradi\u00e7\u00e3o da pisa a p\u00e9 em lagares e um cuidadoso envelhecimento em barricas novas de carvalho franc\u00eas.<\/p>\n<p>Amadurecido por 9 meses em barricas de 300 litros, este vinho exibe uma profundidade e complexidade not\u00e1veis, com taninos bem integrados e aromas ricos, t\u00edpicos de um grande tinto do Douro. A sua eleg\u00e2ncia e estrutura fazem dele uma excelente escolha para acompanhar pratos robustos, como ossobuco, rabo de boi ou tripas \u00e0 moda do Porto, proporcionando uma harmoniza\u00e7\u00e3o perfeita.<\/p>","protected":false},"featured_media":20527,"template":"","meta":{"_exactmetrics_skip_tracking":false,"_exactmetrics_sitenote_active":false,"_exactmetrics_sitenote_note":"","_exactmetrics_sitenote_category":0,"_uf_show_specific_survey":0,"_uf_disable_surveys":false,"iawp_total_views":6},"product_brand":[],"product_cat":[157,184,215],"product_tag":[],"class_list":{"0":"post-20526","1":"product","2":"type-product","3":"status-publish","4":"has-post-thumbnail","6":"product_cat-vinhos","7":"product_cat-tinto","8":"product_cat-douro","10":"first","11":"instock","12":"shipping-taxable","13":"purchasable","14":"product-type-simple"},"_links":{"self":[{"href":"https:\/\/garrafeiragrandeescolha.pt\/it\/wp-json\/wp\/v2\/product\/20526","targetHints":{"allow":["GET"]}}],"collection":[{"href":"https:\/\/garrafeiragrandeescolha.pt\/it\/wp-json\/wp\/v2\/product"}],"about":[{"href":"https:\/\/garrafeiragrandeescolha.pt\/it\/wp-json\/wp\/v2\/types\/product"}],"wp:featuredmedia":[{"embeddable":true,"href":"https:\/\/garrafeiragrandeescolha.pt\/it\/wp-json\/wp\/v2\/media\/20527"}],"wp:attachment":[{"href":"https:\/\/garrafeiragrandeescolha.pt\/it\/wp-json\/wp\/v2\/media?parent=20526"}],"wp:term":[{"taxonomy":"product_brand","embeddable":true,"href":"https:\/\/garrafeiragrandeescolha.pt\/it\/wp-json\/wp\/v2\/product_brand?post=20526"},{"taxonomy":"product_cat","embeddable":true,"href":"https:\/\/garrafeiragrandeescolha.pt\/it\/wp-json\/wp\/v2\/product_cat?post=20526"},{"taxonomy":"product_tag","embeddable":true,"href":"https:\/\/garrafeiragrandeescolha.pt\/it\/wp-json\/wp\/v2\/product_tag?post=20526"}],"curies":[{"name":"wp","href":"https:\/\/api.w.org\/{rel}","templated":true}]}}