{"id":20528,"date":"2025-11-05T12:43:44","date_gmt":"2025-11-05T12:43:44","guid":{"rendered":"https:\/\/garrafeiragrandeescolha.pt\/?post_type=product&#038;p=20528"},"modified":"2025-11-07T18:28:24","modified_gmt":"2025-11-07T18:28:24","slug":"titan-of-douro-reserva-tinto-75cl","status":"publish","type":"product","link":"https:\/\/garrafeiragrandeescolha.pt\/it\/prodotto\/titan-of-douro-reserva-tinto-75cl\/","title":{"rendered":"Titan of Douro Reserva Tinto 2021 75cl"},"content":{"rendered":"<div class=\"et_pb_module et_pb_text et_pb_text_2  et_pb_text_align_justified et_pb_bg_layout_light\">\n<div class=\"et_pb_text_inner\">\n<h1><img decoding=\"async\" class=\"aligncenter\" src=\"https:\/\/titanofdouro.com\/wp-content\/uploads\/2019\/09\/Titan_Logotipo_01.png\" alt=\"Titan of Douro - Vinhos do Douro\" \/><\/h1>\n<\/div>\n<\/div>\n<div class=\"et_pb_module et_pb_text et_pb_text_3  et_pb_text_align_justified et_pb_bg_layout_light\">\n<div class=\"et_pb_text_inner\">\n<p>O trabalho desde o in\u00edcio sempre se focou na procura de vinhas velhas nos lugares mais genu\u00ednos e menos explorados no Douro, onde existissem novas hist\u00f3rias para contar em forma de vinho. Foi no Sop\u00e9 da Serra do Reboredo (1.000 mts Alt), em Paredes da Beira, no ponto a maior altitude do Douro, que tudo come\u00e7ou. Rodeada com abund\u00e2ncia de afloramentos gran\u00edticos, a zona tem solos de granito areno entremeados por fil\u00f5es de quartz, altitude entre 700 \u2013 1.000 mts, encontra-se nas encostas do Rio T\u00e1vora e possui um invej\u00e1vel patrim\u00f3nio de vinhas centen\u00e1rias, intoc\u00e1veis ao longo do tempo e mantidas pelas m\u00e3os curtidas de anos de trabalho duro durante gera\u00e7\u00f5es. Daqui resultam vinhos de grande frescura, caracter e identidade!<\/p>\n<p>A aposta ser\u00e1 sempre potenciar o melhor que a vinha d\u00e1, respeitando a sua hist\u00f3ria, tradi\u00e7\u00e3o e a ess\u00eancia das suas gentes.<\/p>\n<\/div>\n<\/div>","protected":false},"excerpt":{"rendered":"<p>Uvas frescas no seu ponto ideal de matura\u00e7\u00e3o, apanhadas \u00e0 m\u00e3o para caixas de 20 kg, s\u00e3o transportadas para a adega onde foram sujeitas a uma criteriosa escolha manual, desengace e suave esmagamento. Fermenta\u00e7\u00e3o separada por casta em lagares de pedra com pisa rob\u00f3tica. Fez est\u00e1gio de 10 meses em barricas de 2\u00ba e 3\u00ba ano.<\/p>\n<p>Cor violeta muito intensa, nariz com notas minerais e de fruta fresca (cereja e frutos silvestres), folha de tabaco e cacau. Na boca \u00e9 fresco, com taninos sedosos mas desafiantes.<\/p>","protected":false},"featured_media":20529,"template":"","meta":{"_exactmetrics_skip_tracking":false,"_exactmetrics_sitenote_active":false,"_exactmetrics_sitenote_note":"","_exactmetrics_sitenote_category":0,"_uf_show_specific_survey":0,"_uf_disable_surveys":false,"iawp_total_views":22},"product_brand":[],"product_cat":[157,184,215],"product_tag":[],"class_list":{"0":"post-20528","1":"product","2":"type-product","3":"status-publish","4":"has-post-thumbnail","6":"product_cat-vinhos","7":"product_cat-tinto","8":"product_cat-douro","10":"first","11":"instock","12":"shipping-taxable","13":"purchasable","14":"product-type-simple"},"_links":{"self":[{"href":"https:\/\/garrafeiragrandeescolha.pt\/it\/wp-json\/wp\/v2\/product\/20528","targetHints":{"allow":["GET"]}}],"collection":[{"href":"https:\/\/garrafeiragrandeescolha.pt\/it\/wp-json\/wp\/v2\/product"}],"about":[{"href":"https:\/\/garrafeiragrandeescolha.pt\/it\/wp-json\/wp\/v2\/types\/product"}],"wp:featuredmedia":[{"embeddable":true,"href":"https:\/\/garrafeiragrandeescolha.pt\/it\/wp-json\/wp\/v2\/media\/20529"}],"wp:attachment":[{"href":"https:\/\/garrafeiragrandeescolha.pt\/it\/wp-json\/wp\/v2\/media?parent=20528"}],"wp:term":[{"taxonomy":"product_brand","embeddable":true,"href":"https:\/\/garrafeiragrandeescolha.pt\/it\/wp-json\/wp\/v2\/product_brand?post=20528"},{"taxonomy":"product_cat","embeddable":true,"href":"https:\/\/garrafeiragrandeescolha.pt\/it\/wp-json\/wp\/v2\/product_cat?post=20528"},{"taxonomy":"product_tag","embeddable":true,"href":"https:\/\/garrafeiragrandeescolha.pt\/it\/wp-json\/wp\/v2\/product_tag?post=20528"}],"curies":[{"name":"wp","href":"https:\/\/api.w.org\/{rel}","templated":true}]}}