{"id":20771,"date":"2025-11-24T12:44:11","date_gmt":"2025-11-24T12:44:11","guid":{"rendered":"https:\/\/garrafeiragrandeescolha.pt\/?post_type=product&#038;p=20771"},"modified":"2025-12-27T12:31:51","modified_gmt":"2025-12-27T12:31:51","slug":"meandro-branco-75cl","status":"publish","type":"product","link":"https:\/\/garrafeiragrandeescolha.pt\/it\/prodotto\/meandro-branco-75cl\/","title":{"rendered":"Meandro Branco 2023 75cl"},"content":{"rendered":"<p><img decoding=\"async\" class=\"size-full wp-image-15433 aligncenter\" src=\"http:\/\/garrafeiragrandeescolha.pt\/wp-content\/uploads\/2022\/02\/qta-vale-meao-logo.jpg\" alt=\"\" width=\"200\" height=\"167\" \/><\/p>\n<p>Nel 1877 D. Ant\u00f3nia Adelaide Ferreira, gi\u00e0 proprietaria del pi\u00f9 grande patrimonio agricolo del Douro, acquist\u00f2 all&#039;asta pubblica 300 ettari di terreno vergine dal comune di VN de Foz C\u00f4a. Il suo sogno era quello di costruire da zero una fattoria modello, implementando tutta la vasta esperienza accumulata durante la sua vita di imprenditrice del Douro.<\/p>\n<p>Questo ambizioso progetto venne pienamente realizzato tra il 1887 e il 1895. Fu l&#039;ultima e pi\u00f9 significativa realizzazione di quella Signora, che per\u00f2 ne godette ben poco, poich\u00e9 mor\u00ec nel 1896.<\/p>\n<p>Da allora il podere \u00e8 sempre rimasto in possesso dei suoi discendenti. A partire dagli anni &#039;70, il suo pronipote Francisco Javier de Olazabal ne assunse la gestione e inizi\u00f2 un lungo processo di acquisizione delle quote indivise dalla sua famiglia e dai comproprietari, e nel 1994 divenne, insieme ai suoi figli, l&#039;unico proprietario della Quinta.<br \/>\nFino ad allora, le uve della Quinta venivano vendute alla societ\u00e0 AA Ferreira SA, fondata dai discendenti di D. Ant\u00f3nia, e costituivano la base di alcuni dei suoi migliori vini.<br \/>\nQuesto legame continu\u00f2 fino al 1998, anno in cui Francisco Javier de Olazabal decise di dimettersi dalla carica di presidente di AA, Ferreira SA per dedicarsi, insieme al figlio enologo Francisco de Olazabal y Nicolau de Almeida, alla produzione, all&#039;invecchiamento e alla commercializzazione del vini dell&#039;azienda agricola, attraverso la creazione della societ\u00e0 F. Olazabal &amp; Filhos, Lda.<\/p>\n<p>Oggi Francisco, Lu\u00edsa e Jaime sono legati alla gestione dell&#039;azienda, ciascuno nel proprio ruolo, e condividono la stessa passione per il vino. Da una vendemmia all&#039;altra rispettano la tradizione e mantengono una mente aperta all&#039;innovazione. Tutta la famiglia Olazabal esprime il proprio entusiasmo e contribuisce a perpetuare il progetto di D. Ant\u00f3nia di fare di Quinta do Vale Me\u00e3o una Quinta modello ai suoi tempi.<\/p>","protected":false},"excerpt":{"rendered":"<div>\n<p>Resulta de uma combina\u00e7\u00e3o de Rabigato e Arinto, castas reconhecidas pela sua elevada acidez e resist\u00eancia a condi\u00e7\u00f5es extremas de calor. A fermenta\u00e7\u00e3o ocorre em cubas de inox com temperatura controlada durante 15 dias. N\u00e3o \u00e9 promovida a fermenta\u00e7\u00e3o malol\u00e1tica e o vinho fica em contacto com as borras finas durante 6 meses, sendo engarrafado ap\u00f3s esse est\u00e1gio.<\/p>\n<\/div>\n<div>\n<div><\/div>\n<\/div>","protected":false},"featured_media":20772,"template":"","meta":{"_exactmetrics_skip_tracking":false,"_exactmetrics_sitenote_active":false,"_exactmetrics_sitenote_note":"","_exactmetrics_sitenote_category":0,"_uf_show_specific_survey":0,"_uf_disable_surveys":false,"iawp_total_views":2},"product_brand":[],"product_cat":[185,188,157],"product_tag":[],"class_list":{"0":"post-20771","1":"product","2":"type-product","3":"status-publish","4":"has-post-thumbnail","6":"product_cat-branco","7":"product_cat-douro-branco","8":"product_cat-vinhos","10":"first","11":"instock","12":"shipping-taxable","13":"purchasable","14":"product-type-simple"},"_links":{"self":[{"href":"https:\/\/garrafeiragrandeescolha.pt\/it\/wp-json\/wp\/v2\/product\/20771","targetHints":{"allow":["GET"]}}],"collection":[{"href":"https:\/\/garrafeiragrandeescolha.pt\/it\/wp-json\/wp\/v2\/product"}],"about":[{"href":"https:\/\/garrafeiragrandeescolha.pt\/it\/wp-json\/wp\/v2\/types\/product"}],"wp:featuredmedia":[{"embeddable":true,"href":"https:\/\/garrafeiragrandeescolha.pt\/it\/wp-json\/wp\/v2\/media\/20772"}],"wp:attachment":[{"href":"https:\/\/garrafeiragrandeescolha.pt\/it\/wp-json\/wp\/v2\/media?parent=20771"}],"wp:term":[{"taxonomy":"product_brand","embeddable":true,"href":"https:\/\/garrafeiragrandeescolha.pt\/it\/wp-json\/wp\/v2\/product_brand?post=20771"},{"taxonomy":"product_cat","embeddable":true,"href":"https:\/\/garrafeiragrandeescolha.pt\/it\/wp-json\/wp\/v2\/product_cat?post=20771"},{"taxonomy":"product_tag","embeddable":true,"href":"https:\/\/garrafeiragrandeescolha.pt\/it\/wp-json\/wp\/v2\/product_tag?post=20771"}],"curies":[{"name":"wp","href":"https:\/\/api.w.org\/{rel}","templated":true}]}}