{"id":20775,"date":"2025-11-25T17:54:25","date_gmt":"2025-11-25T17:54:25","guid":{"rendered":"https:\/\/garrafeiragrandeescolha.pt\/?post_type=product&#038;p=20775"},"modified":"2025-12-07T10:25:33","modified_gmt":"2025-12-07T10:25:33","slug":"barranco-longo-tinto-15l","status":"publish","type":"product","link":"https:\/\/garrafeiragrandeescolha.pt\/it\/prodotto\/barranco-longo-tinto-15l\/","title":{"rendered":"Barranco Longo Reserva Tinto 2013 1,5L"},"content":{"rendered":"<p><img decoding=\"async\" class=\"aligncenter\" src=\"https:\/\/encrypted-tbn0.gstatic.com\/images?q=tbn:ANd9GcQfHTyQFQeog23TbeQMsvCUXaK90vc9uOj0yg&amp;s\" alt=\"Tipos de vinho | Quinta do Barranco Longo - Vinhos do Algarve\" width=\"172\" height=\"159\" \/><\/p>\n<p>A Quinta do Barranco Longo nasce pela m\u00e3o de\u00a0Rui Virg\u00ednia em 2001, na sua Casa Agr\u00edcola do Algoz,\u00a0no concelho de Silves.\u00a0Numa regi\u00e3o onde os vinhos perdiam o seu reconhecimento, come\u00e7ou a fazer-se hist\u00f3ria com uma marca que contribuiu para voltar a alavancar o setor.<\/p>\n<p>Dedicado \u00e0 produ\u00e7\u00e3o e comercializa\u00e7\u00e3o de vinhos tranquilos e espumantes, este produtor apostou na sele\u00e7\u00e3o criteriosa de castas nacionais e internacionais, aproveitando o bom terroir da regi\u00e3o, os seus solos argilo-calc\u00e1rios e um clima marcadamente mediterr\u00e2nico, com grande exposi\u00e7\u00e3o solar das vinhas.\u00a0E assim se fez hist\u00f3ria na regi\u00e3o algarvia.<\/p>\n<p>A vinha \u00e9 tratada em modo de produ\u00e7\u00e3o integrada e a filosofia de responsabilidade est\u00e1 presente em todas as fases do processo, da vinha \u00e0 adega.\u00a0A vindima \u00e9 feita manualmente,\u00a0mas na adega os equipamentos e processos enol\u00f3gicos s\u00e3o dos mais inovadores, com recurso a tecnologia de vanguarda. Apostas fortes da empresa, para garantir a m\u00e1xima qualidade na produ\u00e7\u00e3o destes vinhos 100% algarvios.<\/p>\n<p>A gama \u00e9 diversificada e o foco \u00e9 a diferencia\u00e7\u00e3o.\u00a0Da\u00ed que os vinhos\u00a0Barranco Longo\u00a0tenham um reconhecimento nacional e internacional, e se encontrem \u00e0 venda em pontos de venda e de consumo selecionados, sejam garrafeiras, lojas gourmet, restaurantes e hot\u00e9is.<\/p>","protected":false},"excerpt":{"rendered":"<div class=\"tipo_uvas\">\n<p>Castas: Alicante Bouschet, Cabernet Sauvignon e Touriga Nacional<\/p>\n<\/div>\n<div class=\"clearfix\">Combina com com enchidos, feijoada de chocos, pratos de carne de sabor rico e de boa textura.<\/div>\n<p>Desengace seguido de macera\u00e7\u00e3o em lagares de inox. Fermenta\u00e7\u00e3o alco\u00f3lica com temperatura controlada e duas repisas di\u00e1rias. Macera\u00e7\u00e3o p\u00f3s-fermentativa em cuvaison durante 15 dias e fermenta\u00e7\u00e3o malol\u00e1tica. Est\u00e1gio de um ano em barricas de carvalho americano e franc\u00eas<\/p>","protected":false},"featured_media":20788,"template":"","meta":{"_exactmetrics_skip_tracking":false,"_exactmetrics_sitenote_active":false,"_exactmetrics_sitenote_note":"","_exactmetrics_sitenote_category":0,"_uf_show_specific_survey":0,"_uf_disable_surveys":false,"iawp_total_views":4},"product_brand":[],"product_cat":[157,184,196],"product_tag":[],"class_list":{"0":"post-20775","1":"product","2":"type-product","3":"status-publish","4":"has-post-thumbnail","6":"product_cat-vinhos","7":"product_cat-tinto","8":"product_cat-algarve","10":"first","11":"instock","12":"shipping-taxable","13":"purchasable","14":"product-type-simple"},"_links":{"self":[{"href":"https:\/\/garrafeiragrandeescolha.pt\/it\/wp-json\/wp\/v2\/product\/20775","targetHints":{"allow":["GET"]}}],"collection":[{"href":"https:\/\/garrafeiragrandeescolha.pt\/it\/wp-json\/wp\/v2\/product"}],"about":[{"href":"https:\/\/garrafeiragrandeescolha.pt\/it\/wp-json\/wp\/v2\/types\/product"}],"wp:featuredmedia":[{"embeddable":true,"href":"https:\/\/garrafeiragrandeescolha.pt\/it\/wp-json\/wp\/v2\/media\/20788"}],"wp:attachment":[{"href":"https:\/\/garrafeiragrandeescolha.pt\/it\/wp-json\/wp\/v2\/media?parent=20775"}],"wp:term":[{"taxonomy":"product_brand","embeddable":true,"href":"https:\/\/garrafeiragrandeescolha.pt\/it\/wp-json\/wp\/v2\/product_brand?post=20775"},{"taxonomy":"product_cat","embeddable":true,"href":"https:\/\/garrafeiragrandeescolha.pt\/it\/wp-json\/wp\/v2\/product_cat?post=20775"},{"taxonomy":"product_tag","embeddable":true,"href":"https:\/\/garrafeiragrandeescolha.pt\/it\/wp-json\/wp\/v2\/product_tag?post=20775"}],"curies":[{"name":"wp","href":"https:\/\/api.w.org\/{rel}","templated":true}]}}