{"id":20867,"date":"2025-12-02T15:29:38","date_gmt":"2025-12-02T15:29:38","guid":{"rendered":"https:\/\/garrafeiragrandeescolha.pt\/?post_type=product&#038;p=20867"},"modified":"2026-02-04T11:48:53","modified_gmt":"2026-02-04T11:48:53","slug":"whisky-monkey-shoulder-70cl","status":"publish","type":"product","link":"https:\/\/garrafeiragrandeescolha.pt\/it\/prodotto\/whisky-monkey-shoulder-70cl\/","title":{"rendered":"Whisky Monkey Shoulder 70cl"},"content":{"rendered":"<p><img fetchpriority=\"high\" decoding=\"async\" class=\"aligncenter\" src=\"https:\/\/www.williamgrant.com\/_resources\/themes\/wgscorp\/dist\/images\/wgs_logo.svg\" alt=\"William Grant &amp; Sons\" width=\"199\" height=\"265\" \/><\/p>\n<p>&nbsp;<\/p>\n<p>William Grant &amp; Sons Ltd. \u00e9 uma empresa familiar escocesa que produz whiskey e outras bebidas alco\u00f3licas. Foi fundada em 1887 por William Grant.<\/p>\n<p>Sua vis\u00e3o era produzir o melhor whisky do vale, e isso permanece v\u00e1lido at\u00e9 hoje, enquanto constroem marcas apreciadas no mundo todo.<\/p>","protected":false},"excerpt":{"rendered":"<p>O Monkey Shoulder \u00e9 um inovador \u201ctriplo\u201d malt Scotch, conhecido por ser o primeiro do mundo a combinar de forma t\u00e3o harmoniosa tr\u00eas dos melhores single malts escoceses: Glenfiddich, Balvenie e Kininvie. Este blend resulta em um whisky excepcionalmente suave e rico, que cativa tanto os conhecedores quanto os novos apreciadores de whisky.<\/p>\n<p>No paladar, o Monkey Shoulder oferece uma experi\u00eancia de degusta\u00e7\u00e3o multifacetada. Inicia-se com um sabor agrad\u00e1vel de xerez que imediatamente remete a um perfil cl\u00e1ssico e profundamente arraigado na tradi\u00e7\u00e3o do whisky escoc\u00eas. Este sabor \u00e9 enriquecido por notas de canela e pera cozida, que introduzem uma do\u00e7ura especiada. O caramelo e o morango juntam-se \u00e0 mistura, adicionando uma camada de riqueza frutada e do\u00e7ura.<\/p>","protected":false},"featured_media":20868,"template":"","meta":{"_exactmetrics_skip_tracking":false,"_exactmetrics_sitenote_active":false,"_exactmetrics_sitenote_note":"","_exactmetrics_sitenote_category":0,"_uf_show_specific_survey":0,"_uf_disable_surveys":false,"iawp_total_views":23},"product_brand":[],"product_cat":[158,179],"product_tag":[],"class_list":{"0":"post-20867","1":"product","2":"type-product","3":"status-publish","4":"has-post-thumbnail","6":"product_cat-espirituosos","7":"product_cat-whisky","9":"first","10":"instock","11":"shipping-taxable","12":"purchasable","13":"product-type-simple"},"_links":{"self":[{"href":"https:\/\/garrafeiragrandeescolha.pt\/it\/wp-json\/wp\/v2\/product\/20867","targetHints":{"allow":["GET"]}}],"collection":[{"href":"https:\/\/garrafeiragrandeescolha.pt\/it\/wp-json\/wp\/v2\/product"}],"about":[{"href":"https:\/\/garrafeiragrandeescolha.pt\/it\/wp-json\/wp\/v2\/types\/product"}],"wp:featuredmedia":[{"embeddable":true,"href":"https:\/\/garrafeiragrandeescolha.pt\/it\/wp-json\/wp\/v2\/media\/20868"}],"wp:attachment":[{"href":"https:\/\/garrafeiragrandeescolha.pt\/it\/wp-json\/wp\/v2\/media?parent=20867"}],"wp:term":[{"taxonomy":"product_brand","embeddable":true,"href":"https:\/\/garrafeiragrandeescolha.pt\/it\/wp-json\/wp\/v2\/product_brand?post=20867"},{"taxonomy":"product_cat","embeddable":true,"href":"https:\/\/garrafeiragrandeescolha.pt\/it\/wp-json\/wp\/v2\/product_cat?post=20867"},{"taxonomy":"product_tag","embeddable":true,"href":"https:\/\/garrafeiragrandeescolha.pt\/it\/wp-json\/wp\/v2\/product_tag?post=20867"}],"curies":[{"name":"wp","href":"https:\/\/api.w.org\/{rel}","templated":true}]}}