{"id":20894,"date":"2025-12-08T10:59:44","date_gmt":"2025-12-08T10:59:44","guid":{"rendered":"https:\/\/garrafeiragrandeescolha.pt\/?post_type=product&#038;p=20894"},"modified":"2025-12-08T11:00:58","modified_gmt":"2025-12-08T11:00:58","slug":"whisky-crown-royal-rye-1l","status":"publish","type":"product","link":"https:\/\/garrafeiragrandeescolha.pt\/it\/prodotto\/whisky-crown-royal-rye-1l\/","title":{"rendered":"Whisky Crown Royal Rye 1L"},"content":{"rendered":"<p><img fetchpriority=\"high\" decoding=\"async\" class=\"size-medium wp-image-16605 aligncenter\" src=\"http:\/\/garrafeiragrandeescolha.pt\/wp-content\/uploads\/2021\/12\/Crown_Royal_Logo-300x172.jpg\" alt=\"\" width=\"300\" height=\"172\" srcset=\"https:\/\/garrafeiragrandeescolha.pt\/wp-content\/uploads\/2021\/12\/Crown_Royal_Logo-300x172.jpg 300w, https:\/\/garrafeiragrandeescolha.pt\/wp-content\/uploads\/2021\/12\/Crown_Royal_Logo-18x10.jpg 18w, https:\/\/garrafeiragrandeescolha.pt\/wp-content\/uploads\/2021\/12\/Crown_Royal_Logo.jpg 369w\" sizes=\"(max-width: 300px) 100vw, 300px\" \/><\/p>\n<p>Em 1939, o rei George VI e a rainha Elizabeth fizeram hist\u00f3ria quando se tornaram os primeiros monarcas reinantes a visitar o Canad\u00e1, chegando de barco e percorrendo a vasta dist\u00e2ncia norte-americana de comboio.<\/p>\n<p>Ao ouvir as not\u00edcias hist\u00f3ricas, um empres\u00e1rio canadense de bebidas alco\u00f3licas decidiu criar um u\u00edsque adequado para o casal real &#8211; um presente excepcionalmente generoso, digno da realeza.\u00a0Com a perfei\u00e7\u00e3o em mente, ele testou meticulosamente mais de 600 misturas antes de equipar o produto final em um decantador de vidro lapidado e uma bolsa roxa real com costura dourada.\u00a0O u\u00edsque que ele apresentou ao rei e \u00e0 rainha era uma mistura requintadamente suave de cerca de cinquenta u\u00edsques que ficou conhecido, apropriadamente, como Crown Royal.<\/p>\n<p>O trem que transportava os monarcas estava abastecido com 10 caixas da mistura real e os rumores do u\u00edsque incompar\u00e1vel digno de um rei se espalharam rapidamente.\u00a0Crown Royal foi lan\u00e7ado nos Estados Unidos na d\u00e9cada de 1960 e desde ent\u00e3o se tornou o u\u00edsque canadense mais vendido.<\/p>\n<p>At\u00e9 hoje, cada gota de Crown Royal \u00e9 elaborada para atender aos mesmos padr\u00f5es intransigentes, tornando-o, para muitos paladares exigentes, o melhor u\u00edsque de todos.<\/p>","protected":false},"excerpt":{"rendered":"<p>Em 1939, o rei George VI e a rainha Elizabeth fizeram hist\u00f3ria quando se tornaram os primeiros monarcas reinantes a visitar o Canad\u00e1, chegando de barco e percorrendo a vasta dist\u00e2ncia norte-americana de comboio. Ao ouvir as not\u00edcias hist\u00f3ricas, um empres\u00e1rio canadense de bebidas alco\u00f3licas decidiu criar um u\u00edsque adequado para o casal real &#8211; [&hellip;]<\/p>","protected":false},"featured_media":16604,"template":"","meta":{"_exactmetrics_skip_tracking":false,"_exactmetrics_sitenote_active":false,"_exactmetrics_sitenote_note":"","_exactmetrics_sitenote_category":0,"_uf_show_specific_survey":0,"_uf_disable_surveys":false,"iawp_total_views":5},"product_brand":[],"product_cat":[158,179],"product_tag":[],"class_list":{"0":"post-20894","1":"product","2":"type-product","3":"status-publish","4":"has-post-thumbnail","6":"product_cat-espirituosos","7":"product_cat-whisky","9":"first","10":"instock","11":"shipping-taxable","12":"purchasable","13":"product-type-simple"},"_links":{"self":[{"href":"https:\/\/garrafeiragrandeescolha.pt\/it\/wp-json\/wp\/v2\/product\/20894","targetHints":{"allow":["GET"]}}],"collection":[{"href":"https:\/\/garrafeiragrandeescolha.pt\/it\/wp-json\/wp\/v2\/product"}],"about":[{"href":"https:\/\/garrafeiragrandeescolha.pt\/it\/wp-json\/wp\/v2\/types\/product"}],"wp:featuredmedia":[{"embeddable":true,"href":"https:\/\/garrafeiragrandeescolha.pt\/it\/wp-json\/wp\/v2\/media\/16604"}],"wp:attachment":[{"href":"https:\/\/garrafeiragrandeescolha.pt\/it\/wp-json\/wp\/v2\/media?parent=20894"}],"wp:term":[{"taxonomy":"product_brand","embeddable":true,"href":"https:\/\/garrafeiragrandeescolha.pt\/it\/wp-json\/wp\/v2\/product_brand?post=20894"},{"taxonomy":"product_cat","embeddable":true,"href":"https:\/\/garrafeiragrandeescolha.pt\/it\/wp-json\/wp\/v2\/product_cat?post=20894"},{"taxonomy":"product_tag","embeddable":true,"href":"https:\/\/garrafeiragrandeescolha.pt\/it\/wp-json\/wp\/v2\/product_tag?post=20894"}],"curies":[{"name":"wp","href":"https:\/\/api.w.org\/{rel}","templated":true}]}}