{"id":21036,"date":"2026-01-08T12:26:04","date_gmt":"2026-01-08T12:26:04","guid":{"rendered":"https:\/\/garrafeiragrandeescolha.pt\/?post_type=product&#038;p=21036"},"modified":"2026-01-20T12:27:36","modified_gmt":"2026-01-20T12:27:36","slug":"quinta-das-piramides-estagiado-em-barrica-de-carvalho-75cl","status":"publish","type":"product","link":"https:\/\/garrafeiragrandeescolha.pt\/it\/prodotto\/quinta-das-piramides-estagiado-em-barrica-de-carvalho-75cl\/","title":{"rendered":"Quinta das Pir\u00e2mides Estagiado em Barrica de Carvalho 2021 75cl"},"content":{"rendered":"<p><img decoding=\"async\" class=\"aligncenter\" src=\"https:\/\/encrypted-tbn0.gstatic.com\/images?q=tbn:ANd9GcQJN2Db-E64LYOGc-ke2XBgkYNbkSt7OK_acw&amp;s\" alt=\"Quinta das Pir\u00e2mides | Telhado\" \/><\/p>\n<p>A empresa DARUMI, Sociedade Agr\u00edcola e Tur\u00edstica, Lda., com sede na cidade do Porto, \u00e9 a empresa produtora dos Vinhos Quinta das Pir\u00e2mides e de Mirtilos Quinta das Pir\u00e2mides.<\/p>\n<p>A Quinta existe desde o s\u00e9culo XVIII. Originalmente denominada de Quinta do Barreiro, passou a ser conhecida pelo nome atual em 1952, tendo como atividade principal a produ\u00e7\u00e3o de vinho verde.<\/p>\n<p>Est\u00e1 localizada numa zona agr\u00edcola, na aldeia de Telhado, Vila Nova de Famalic\u00e3o. Este munic\u00edpio, com cerca de 140.000 habitantes est\u00e1 estrategicamente localizado entre as cidades de Braga, Guimar\u00e3es e Porto, cidades consideradas de Patrim\u00f3nio Universal.<\/p>\n<p>Com uma vasta \u00e1rea agroflorestal a quinta \u00e9 constitu\u00edda por v\u00e1rios edificados em granito, t\u00edpicos do Minho, por uma zona florestal povoada de castanheiros, eucaliptos, pinheiros bravos e carvalhos portugueses e por terrenos de excel\u00eancia para a produ\u00e7\u00e3o de Vinho Verde e planta\u00e7\u00e3o de Mirtilos.<\/p>\n<p>Inserida numa localiza\u00e7\u00e3o privilegiada do norte do pa\u00eds, a quinta transformou-se, em 2015, num espa\u00e7o de cultivo de Mirtilos. A escolha da cultura recaiu sobre o facto da mesma se encontrar em franca expans\u00e3o, mesmo que o seu consumo ainda n\u00e3o esteja enraizado na cultura portuguesa.<\/p>\n<p>Os Mirtilos Quinta das Pir\u00e2mides, s\u00e3o assim produzidos no Norte de Portugal, em terrenos bem drenados, arejados, ricos em mat\u00e9ria org\u00e2nica e com uma excelente exposi\u00e7\u00e3o solar.<\/p>","protected":false},"excerpt":{"rendered":"<p>Alvarinho que passa por um est\u00e1gio em barricas de carvalho, conferindo-lhe complexidade e notas especiais.<\/p>","protected":false},"featured_media":21037,"template":"","meta":{"_exactmetrics_skip_tracking":false,"_exactmetrics_sitenote_active":false,"_exactmetrics_sitenote_note":"","_exactmetrics_sitenote_category":0,"_uf_show_specific_survey":0,"_uf_disable_surveys":false,"iawp_total_views":1},"product_brand":[],"product_cat":[185,157,206],"product_tag":[],"class_list":{"0":"post-21036","1":"product","2":"type-product","3":"status-publish","4":"has-post-thumbnail","6":"product_cat-branco","7":"product_cat-vinhos","8":"product_cat-vinhos-verdes","10":"first","11":"instock","12":"shipping-taxable","13":"purchasable","14":"product-type-simple"},"_links":{"self":[{"href":"https:\/\/garrafeiragrandeescolha.pt\/it\/wp-json\/wp\/v2\/product\/21036","targetHints":{"allow":["GET"]}}],"collection":[{"href":"https:\/\/garrafeiragrandeescolha.pt\/it\/wp-json\/wp\/v2\/product"}],"about":[{"href":"https:\/\/garrafeiragrandeescolha.pt\/it\/wp-json\/wp\/v2\/types\/product"}],"wp:featuredmedia":[{"embeddable":true,"href":"https:\/\/garrafeiragrandeescolha.pt\/it\/wp-json\/wp\/v2\/media\/21037"}],"wp:attachment":[{"href":"https:\/\/garrafeiragrandeescolha.pt\/it\/wp-json\/wp\/v2\/media?parent=21036"}],"wp:term":[{"taxonomy":"product_brand","embeddable":true,"href":"https:\/\/garrafeiragrandeescolha.pt\/it\/wp-json\/wp\/v2\/product_brand?post=21036"},{"taxonomy":"product_cat","embeddable":true,"href":"https:\/\/garrafeiragrandeescolha.pt\/it\/wp-json\/wp\/v2\/product_cat?post=21036"},{"taxonomy":"product_tag","embeddable":true,"href":"https:\/\/garrafeiragrandeescolha.pt\/it\/wp-json\/wp\/v2\/product_tag?post=21036"}],"curies":[{"name":"wp","href":"https:\/\/api.w.org\/{rel}","templated":true}]}}