{"id":21082,"date":"2026-01-28T16:34:56","date_gmt":"2026-01-28T16:34:56","guid":{"rendered":"https:\/\/garrafeiragrandeescolha.pt\/?post_type=product&#038;p=21082"},"modified":"2026-03-28T12:15:58","modified_gmt":"2026-03-28T12:15:58","slug":"aguardente-crf-xo-cask-strength-50cl-c-caixa","status":"publish","type":"product","link":"https:\/\/garrafeiragrandeescolha.pt\/it\/prodotto\/aguardente-crf-xo-cask-strength-50cl-c-caixa\/","title":{"rendered":"Aguardente CR&#038;F XO Cask Strength 70cl C\/ Cofret"},"content":{"rendered":"<p><img decoding=\"async\" class=\"size-full wp-image-16774 aligncenter\" src=\"http:\/\/garrafeiragrandeescolha.pt\/wp-content\/uploads\/2022\/04\/LOGO-CRF-1.png\" alt=\"\" width=\"160\" height=\"108\" srcset=\"https:\/\/garrafeiragrandeescolha.pt\/wp-content\/uploads\/2022\/04\/LOGO-CRF-1.png 160w, https:\/\/garrafeiragrandeescolha.pt\/wp-content\/uploads\/2022\/04\/LOGO-CRF-1-18x12.png 18w\" sizes=\"(max-width: 160px) 100vw, 160px\" \/><\/p>\n<p>L&#039;eredit\u00e0 di CR&amp;F inizi\u00f2 nel 1895, quando Francisco Ribeiro de Carvalho, divenne un esportatore di vini e liquori, nei suoi stabilimenti a Ginjal (Almada\/Lisbona).<\/p>\n<p>Inizialmente, ancora con qualche timore in quanto azienda assolutamente sconosciuta, le prime vendite di vini furono destinate ai mercati africani, con Ambriz che fu il primo porto scelto per le sue esportazioni.<\/p>\n<p>La cura che metteva nel suo lavoro, l&#039;onest\u00e0 dei suoi processi e il perfetto adempimento dei suoi obblighi fecero rapidamente scomparire le sue paure e quest&#039;uomo intraprendente vide il suo nome rispettato e le sue transazioni moltiplicarsi.<\/p>","protected":false},"excerpt":{"rendered":"<p>A Aguardente CR&amp;F XO Cask Strength 1895 \u00e9 uma edi\u00e7\u00e3o absolutamente singular que assinala 130 anos de hist\u00f3ria da CR&amp;F, uma casa que desde 1895 constr\u00f3i o seu prest\u00edgio com tempo, rigor e respeito pela tradi\u00e7\u00e3o. Em 2025, essa heran\u00e7a ganha forma numa aguardente descoberta quase por acaso, mas guardada por m\u00e9rito: um lote reservado desde 1980, mantido em sil\u00eancio durante mais de quatro d\u00e9cadas, \u00e0 espera do momento certo para se revelar.<\/p>\n<p>Engarrafada diretamente do casco, sem dilui\u00e7\u00f5es, esta XO Cask Strength 1895 apresenta-se na sua express\u00e3o mais pura e aut\u00eantica. Trata-se de uma Single Barrel, proveniente de uma \u00fanica barrica, o que refor\u00e7a o seu car\u00e1cter irrepet\u00edvel e a sua identidade muito pr\u00f3pria. Cada garrafa conta uma hist\u00f3ria que come\u00e7a no passado e aponta com seguran\u00e7a para o futuro, unindo tradi\u00e7\u00e3o e modernidade numa edi\u00e7\u00e3o que homenageia o saber esperar.<\/p>\n<p>Limitada a apenas 365 unidades numeradas, esta aguardente assume-se como pe\u00e7a de culto para colecionadores e verdadeiros apreciadores. A garrafa, serigrafada manualmente a ouro, reflete o cuidado artesanal que define a CR&amp;F, enquanto a gargantilha numerada e o estojo com refer\u00eancias \u00e0s ic\u00f3nicas cordas da marca refor\u00e7am o seu lado simb\u00f3lico e hist\u00f3rico. O lacre original e o certificado de autenticidade garantem a proveni\u00eancia e o prest\u00edgio de uma aguardente que \u00e9, acima de tudo, uma celebra\u00e7\u00e3o do tempo.<\/p>\n<p>A CR&amp;F XO Cask Strength n\u00e3o \u00e9 apenas uma aguardente. \u00c9 mem\u00f3ria l\u00edquida, \u00e9 legado, \u00e9 uma conquista engarrafada para quem valoriza raridade, car\u00e1cter e autenticidade.<\/p>","protected":false},"featured_media":21083,"template":"","meta":{"_exactmetrics_skip_tracking":false,"_exactmetrics_sitenote_active":false,"_exactmetrics_sitenote_note":"","_exactmetrics_sitenote_category":0,"_uf_show_specific_survey":0,"_uf_disable_surveys":false,"iawp_total_views":122},"product_brand":[],"product_cat":[180,158,162],"product_tag":[],"class_list":{"0":"post-21082","1":"product","2":"type-product","3":"status-publish","4":"has-post-thumbnail","6":"product_cat-aguardente","7":"product_cat-espirituosos","8":"product_cat-raridades","10":"first","11":"instock","12":"featured","13":"shipping-taxable","14":"purchasable","15":"product-type-simple"},"_links":{"self":[{"href":"https:\/\/garrafeiragrandeescolha.pt\/it\/wp-json\/wp\/v2\/product\/21082","targetHints":{"allow":["GET"]}}],"collection":[{"href":"https:\/\/garrafeiragrandeescolha.pt\/it\/wp-json\/wp\/v2\/product"}],"about":[{"href":"https:\/\/garrafeiragrandeescolha.pt\/it\/wp-json\/wp\/v2\/types\/product"}],"wp:featuredmedia":[{"embeddable":true,"href":"https:\/\/garrafeiragrandeescolha.pt\/it\/wp-json\/wp\/v2\/media\/21083"}],"wp:attachment":[{"href":"https:\/\/garrafeiragrandeescolha.pt\/it\/wp-json\/wp\/v2\/media?parent=21082"}],"wp:term":[{"taxonomy":"product_brand","embeddable":true,"href":"https:\/\/garrafeiragrandeescolha.pt\/it\/wp-json\/wp\/v2\/product_brand?post=21082"},{"taxonomy":"product_cat","embeddable":true,"href":"https:\/\/garrafeiragrandeescolha.pt\/it\/wp-json\/wp\/v2\/product_cat?post=21082"},{"taxonomy":"product_tag","embeddable":true,"href":"https:\/\/garrafeiragrandeescolha.pt\/it\/wp-json\/wp\/v2\/product_tag?post=21082"}],"curies":[{"name":"wp","href":"https:\/\/api.w.org\/{rel}","templated":true}]}}