{"id":21100,"date":"2026-02-02T14:31:54","date_gmt":"2026-02-02T14:31:54","guid":{"rendered":"https:\/\/garrafeiragrandeescolha.pt\/?post_type=product&#038;p=21100"},"modified":"2026-02-02T15:15:12","modified_gmt":"2026-02-02T15:15:12","slug":"porto-dows-vintage-quinta-bomfim-2006-75cl","status":"publish","type":"product","link":"https:\/\/garrafeiragrandeescolha.pt\/it\/prodotto\/porto-dows-vintage-quinta-bomfim-2006-75cl\/","title":{"rendered":"Porto Dow&#8217;s Vintage Quinta Bomfim 2006 75cl"},"content":{"rendered":"<p><img fetchpriority=\"high\" decoding=\"async\" class=\"size-medium wp-image-15312 aligncenter\" src=\"http:\/\/garrafeiragrandeescolha.pt\/wp-content\/uploads\/2022\/02\/logo-dows2-300x192.png\" alt=\"\" width=\"300\" height=\"192\" srcset=\"https:\/\/garrafeiragrandeescolha.pt\/wp-content\/uploads\/2022\/02\/logo-dows2-300x192.png 300w, https:\/\/garrafeiragrandeescolha.pt\/wp-content\/uploads\/2022\/02\/logo-dows2-600x384.png 600w, https:\/\/garrafeiragrandeescolha.pt\/wp-content\/uploads\/2022\/02\/logo-dows2.png 610w\" sizes=\"(max-width: 300px) 100vw, 300px\" \/><\/p>\n<p>H\u00e1 mais de dois s\u00e9culos que o nome DOW \u00e9 associado ao melhor porto das vinhas do Alto Douro.\u00a0Durante o s\u00e9culo XX e o s\u00e9culo XXI, a fam\u00edlia Symington se baseou no legado das fam\u00edlias Silva e Dow anteriores.\u00a0Gera\u00e7\u00f5es de vinicultores da Symington t\u00eam trabalhado nas vinhas da Dow: a Quinta do Bomfim e a Quinta da Senhora da Ribeira, criando a partir deles os vinhos soberbamente concentrados da Dow que s\u00e3o intensos e t\u00e2nicos quando jovens, amadurecendo para uma eleg\u00e2ncia sofisticada e atrativa com a idade e perfumada com violeta e menta aromas.\u00a0O atraente e distinto acabamento seco da Dow \u00e9 a marca reconhec\u00edvel dos vinhos desta grande casa do Porto.<\/p>\n<p>A hist\u00f3ria da Dow&#8217;s \u00e9 incomum entre todas as grandes casas do Porto.\u00a0Tudo come\u00e7ou em 1798, quando Bruno da Silva, um comerciante portugu\u00eas do Porto, fez uma jornada oposta \u00e0 dos primeiros comerciantes brit\u00e2nicos.\u00a0Bruno se estabeleceu em Londres, de onde importou vinho de seu pa\u00eds natal.\u00a0Ele se casou com uma inglesa e foi rapidamente assimilado \u00e0 sociedade londrina, onde sua perspic\u00e1cia nos neg\u00f3cios levou a uma \u00f3tima reputa\u00e7\u00e3o por seus vinhos.\u00a0Mas a eclos\u00e3o das guerras napole\u00f4nicas colocou seus neg\u00f3cios em risco.\u00a0Destemido, Bruno da Silva solicitou &#8216;cartas de marca&#8217; (Royal Assent para equipar um navio mercante com armas) para garantir a passagem segura de seu Porto do Porto para Bristol e Londres.\u00a0Ele se tornou a primeira e \u00fanica empresa portu\u00e1ria a transportar sua preciosa carga de barris de bons portos sob sua pr\u00f3pria prote\u00e7\u00e3o armada atrav\u00e9s do trai\u00e7oeiro Golfo da Biscaia,<\/p>\n<p>O neg\u00f3cio de transporte portu\u00e1rio foi continuado pelo filho de Bruno, John da Silva, que em 1862 trouxe a parceria Frederick William Cosens.\u00a0Juntamente com o filho de John, Edward, eles se tornaram os parceiros ativos da Silva &amp; Cosens.\u00a0Edward da Silva herdou a capacidade de neg\u00f3cios de seu av\u00f4 e a empresa continuou a prosperar.\u00a0Edward se tornou uma figura altamente respeitada no com\u00e9rcio de vinhos de Londres e foi um dos fundadores da Wine Benevolent Society, a principal institui\u00e7\u00e3o de caridade que sobrevive at\u00e9 hoje como a principal organiza\u00e7\u00e3o de com\u00e9rcio de vinhos brit\u00e2nica.\u00a0Edward da Silva seria o presidente do Benevolent e depois, a partir de 1892, seu presidente por muitos anos.<br \/>\nCom a cont\u00ednua expans\u00e3o da empresa, Edward da Silva e Frederick Cosens se juntaram a George Acheson Warre, cuja fam\u00edlia bem conhecida estava envolvida no com\u00e9rcio do Porto desde seus primeiros anos.\u00a0O GAW juntou-se como parceiro em 1868 e tornou-se a sua for\u00e7a motriz em Portugal.<\/p>\n<p>Em 1877, Silva &amp; Cosens fundiu-se com outra empresa portu\u00e1ria l\u00edder, a Dow &amp; Co, que era seu principal parceiro James Ramsay Dow, que se destacara em 1856 com a publica\u00e7\u00e3o de seu importante tratado, &#8216;Inqu\u00e9rito sobre o fungo Sugest\u00f5es para um rem\u00e9dio.\u00a0Na \u00e9poca, o fungo Oidium estava devastando as vinhas do Douro.<br \/>\nEmbora menor que a Silva &amp; Cosens, a Dow &amp; Co havia se tornado um produtor portu\u00e1rio muito conceituado, com uma reputa\u00e7\u00e3o particularmente boa por seus Portos Vintage e, quando as duas empresas se fundiram, decidiu-se adotar DOW&#8217;S como marca.<\/p>","protected":false},"excerpt":{"rendered":"<p>H\u00e1 mais de dois s\u00e9culos que o nome DOW \u00e9 associado ao melhor porto das vinhas do Alto Douro.\u00a0Durante o s\u00e9culo XX e o s\u00e9culo XXI, a fam\u00edlia Symington se baseou no legado das fam\u00edlias Silva e Dow anteriores.\u00a0Gera\u00e7\u00f5es de vinicultores da Symington t\u00eam trabalhado nas vinhas da Dow: a Quinta do Bomfim e a [&hellip;]<\/p>","protected":false},"featured_media":21101,"template":"","meta":{"_exactmetrics_skip_tracking":false,"_exactmetrics_sitenote_active":false,"_exactmetrics_sitenote_note":"","_exactmetrics_sitenote_category":0,"_uf_show_specific_survey":0,"_uf_disable_surveys":false,"iawp_total_views":1},"product_brand":[],"product_cat":[159,168],"product_tag":[],"class_list":{"0":"post-21100","1":"product","2":"type-product","3":"status-publish","4":"has-post-thumbnail","6":"product_cat-portos","7":"product_cat-vintage","9":"first","10":"instock","11":"shipping-taxable","12":"purchasable","13":"product-type-simple"},"_links":{"self":[{"href":"https:\/\/garrafeiragrandeescolha.pt\/it\/wp-json\/wp\/v2\/product\/21100","targetHints":{"allow":["GET"]}}],"collection":[{"href":"https:\/\/garrafeiragrandeescolha.pt\/it\/wp-json\/wp\/v2\/product"}],"about":[{"href":"https:\/\/garrafeiragrandeescolha.pt\/it\/wp-json\/wp\/v2\/types\/product"}],"wp:featuredmedia":[{"embeddable":true,"href":"https:\/\/garrafeiragrandeescolha.pt\/it\/wp-json\/wp\/v2\/media\/21101"}],"wp:attachment":[{"href":"https:\/\/garrafeiragrandeescolha.pt\/it\/wp-json\/wp\/v2\/media?parent=21100"}],"wp:term":[{"taxonomy":"product_brand","embeddable":true,"href":"https:\/\/garrafeiragrandeescolha.pt\/it\/wp-json\/wp\/v2\/product_brand?post=21100"},{"taxonomy":"product_cat","embeddable":true,"href":"https:\/\/garrafeiragrandeescolha.pt\/it\/wp-json\/wp\/v2\/product_cat?post=21100"},{"taxonomy":"product_tag","embeddable":true,"href":"https:\/\/garrafeiragrandeescolha.pt\/it\/wp-json\/wp\/v2\/product_tag?post=21100"}],"curies":[{"name":"wp","href":"https:\/\/api.w.org\/{rel}","templated":true}]}}