{"id":21202,"date":"2026-02-16T12:15:35","date_gmt":"2026-02-16T12:15:35","guid":{"rendered":"https:\/\/garrafeiragrandeescolha.pt\/?post_type=product&#038;p=21202"},"modified":"2026-02-16T12:31:34","modified_gmt":"2026-02-16T12:31:34","slug":"joaquim-calisto-colheita-especial-branco-2024-75cl","status":"publish","type":"product","link":"https:\/\/garrafeiragrandeescolha.pt\/it\/prodotto\/joaquim-calisto-colheita-especial-branco-2024-75cl\/","title":{"rendered":"Joaquim Calisto Colheita Especial Branco 2024 75cl"},"content":{"rendered":"<p><img fetchpriority=\"high\" decoding=\"async\" class=\"aligncenter\" src=\"https:\/\/www.vinhosdoalentejo.pt\/media\/produtores\/quinta-da-varzea-logo.png\" width=\"402\" height=\"202\" \/><\/p>\n<p>A Adega do Calisto \u00e9 uma empresa de cariz familiar situada no cora\u00e7\u00e3o do Alentejo &#8211; Reguengos de Monsaraz, mesmo \u00e0 sa\u00edda para o Alandroal.<\/p>\n<p>Fundada em 2004, labora unicamente as uvas colhidas nos seus 32-35 ha de vinha, 20 dos quais em Reguengos de Monsaraz e os restantes na freguesia da Caridade (Reguengos de Monsaraz).<\/p>\n<p>A excel\u00eancia e a variedade das castas como s\u00e3o: a Trincadeira, Aragonez, Alicante Bouschet, Touriga Nacional, Syrah e Cabernet Sauvignon, no caso das tintas e a Roupeiro, Perrum Ant\u00e3o Vaz e Sauvignon Blanc no caso das castas brancas, bem como o rigor e cuidado tido desde a sua planta\u00e7\u00e3o, permitiram elaborar os vinhos Callistus Branco e Tinto &#8211; DOC Reguengos<\/p>","protected":false},"excerpt":{"rendered":"<p>A Adega do Calisto \u00e9 uma empresa de cariz familiar situada no cora\u00e7\u00e3o do Alentejo &#8211; Reguengos de Monsaraz, mesmo \u00e0 sa\u00edda para o Alandroal. Fundada em 2004, labora unicamente as uvas colhidas nos seus 32-35 ha de vinha, 20 dos quais em Reguengos de Monsaraz e os restantes na freguesia da Caridade (Reguengos de [&hellip;]<\/p>","protected":false},"featured_media":21203,"template":"","meta":{"_exactmetrics_skip_tracking":false,"_exactmetrics_sitenote_active":false,"_exactmetrics_sitenote_note":"","_exactmetrics_sitenote_category":0,"_uf_show_specific_survey":0,"_uf_disable_surveys":false,"iawp_total_views":3},"product_brand":[],"product_cat":[157,185,189],"product_tag":[],"class_list":{"0":"post-21202","1":"product","2":"type-product","3":"status-publish","4":"has-post-thumbnail","6":"product_cat-vinhos","7":"product_cat-branco","8":"product_cat-alentejo-branco","10":"first","11":"instock","12":"shipping-taxable","13":"purchasable","14":"product-type-simple"},"_links":{"self":[{"href":"https:\/\/garrafeiragrandeescolha.pt\/it\/wp-json\/wp\/v2\/product\/21202","targetHints":{"allow":["GET"]}}],"collection":[{"href":"https:\/\/garrafeiragrandeescolha.pt\/it\/wp-json\/wp\/v2\/product"}],"about":[{"href":"https:\/\/garrafeiragrandeescolha.pt\/it\/wp-json\/wp\/v2\/types\/product"}],"wp:featuredmedia":[{"embeddable":true,"href":"https:\/\/garrafeiragrandeescolha.pt\/it\/wp-json\/wp\/v2\/media\/21203"}],"wp:attachment":[{"href":"https:\/\/garrafeiragrandeescolha.pt\/it\/wp-json\/wp\/v2\/media?parent=21202"}],"wp:term":[{"taxonomy":"product_brand","embeddable":true,"href":"https:\/\/garrafeiragrandeescolha.pt\/it\/wp-json\/wp\/v2\/product_brand?post=21202"},{"taxonomy":"product_cat","embeddable":true,"href":"https:\/\/garrafeiragrandeescolha.pt\/it\/wp-json\/wp\/v2\/product_cat?post=21202"},{"taxonomy":"product_tag","embeddable":true,"href":"https:\/\/garrafeiragrandeescolha.pt\/it\/wp-json\/wp\/v2\/product_tag?post=21202"}],"curies":[{"name":"wp","href":"https:\/\/api.w.org\/{rel}","templated":true}]}}