{"id":21227,"date":"2026-02-20T12:45:25","date_gmt":"2026-02-20T12:45:25","guid":{"rendered":"https:\/\/garrafeiragrandeescolha.pt\/?post_type=product&#038;p=21227"},"modified":"2026-02-20T13:01:08","modified_gmt":"2026-02-20T13:01:08","slug":"pardusco-private-vinho-verde-tinto-75cl","status":"publish","type":"product","link":"https:\/\/garrafeiragrandeescolha.pt\/it\/prodotto\/pardusco-private-vinho-verde-tinto-75cl\/","title":{"rendered":"Pardusco Private Tinto 75cl"},"content":{"rendered":"<p>Riconosciuta non solo per l&#039;eccellenza dei vini che produce ma per il modo sorprendente e coerente con cui innova. Combinando l&#039;uso di tecniche ancestrali, come la concia, con metodi di vinificazione audaci, come la fermentazione dell&#039;Alvarinho in botti di rovere, si afferma in Portogallo e all&#039;estero con un progetto originale e una propria identit\u00e0.<\/p>\n<p>I vini di Anselmo Mendes sono il risultato di un lungo e fedele legame con la terra, di uno spirito sperimentalista e studioso e di una filosofia di rispetto per l&#039;ecosistema, concretizzata in forme di produzione integrata.<\/p>","protected":false},"excerpt":{"rendered":"<p>Pardusco Private \u00e9 um vinho tinto feito exclusivamente com a antiga casta Alvarelh\u00e3o, conhecida localmente como Brancelho. Atrav\u00e9s das antigas tradi\u00e7\u00f5es Portuguesas, \u00e9 um vinho tinto que estagia durante um largo per\u00edodo de tempo em barricas usadas. Ap\u00f3s a vinifica\u00e7\u00e3o em dep\u00f3sito de inox, o vinho segue para est\u00e1gio em barricas usadas de 400L. Um vinho tinto muito original, sedoso e com forte mineralidade.<\/p>","protected":false},"featured_media":21228,"template":"","meta":{"_exactmetrics_skip_tracking":false,"_exactmetrics_sitenote_active":false,"_exactmetrics_sitenote_note":"","_exactmetrics_sitenote_category":0,"_uf_show_specific_survey":0,"_uf_disable_surveys":false,"iawp_total_views":16},"product_brand":[],"product_cat":[157,184,197],"product_tag":[],"class_list":{"0":"post-21227","1":"product","2":"type-product","3":"status-publish","4":"has-post-thumbnail","6":"product_cat-vinhos","7":"product_cat-tinto","8":"product_cat-vinhos-verdes-tinto","10":"first","11":"instock","12":"shipping-taxable","13":"purchasable","14":"product-type-simple"},"_links":{"self":[{"href":"https:\/\/garrafeiragrandeescolha.pt\/it\/wp-json\/wp\/v2\/product\/21227","targetHints":{"allow":["GET"]}}],"collection":[{"href":"https:\/\/garrafeiragrandeescolha.pt\/it\/wp-json\/wp\/v2\/product"}],"about":[{"href":"https:\/\/garrafeiragrandeescolha.pt\/it\/wp-json\/wp\/v2\/types\/product"}],"wp:featuredmedia":[{"embeddable":true,"href":"https:\/\/garrafeiragrandeescolha.pt\/it\/wp-json\/wp\/v2\/media\/21228"}],"wp:attachment":[{"href":"https:\/\/garrafeiragrandeescolha.pt\/it\/wp-json\/wp\/v2\/media?parent=21227"}],"wp:term":[{"taxonomy":"product_brand","embeddable":true,"href":"https:\/\/garrafeiragrandeescolha.pt\/it\/wp-json\/wp\/v2\/product_brand?post=21227"},{"taxonomy":"product_cat","embeddable":true,"href":"https:\/\/garrafeiragrandeescolha.pt\/it\/wp-json\/wp\/v2\/product_cat?post=21227"},{"taxonomy":"product_tag","embeddable":true,"href":"https:\/\/garrafeiragrandeescolha.pt\/it\/wp-json\/wp\/v2\/product_tag?post=21227"}],"curies":[{"name":"wp","href":"https:\/\/api.w.org\/{rel}","templated":true}]}}