{"id":21229,"date":"2026-02-20T12:47:57","date_gmt":"2026-02-20T12:47:57","guid":{"rendered":"https:\/\/garrafeiragrandeescolha.pt\/?post_type=product&#038;p=21229"},"modified":"2026-02-20T12:53:36","modified_gmt":"2026-02-20T12:53:36","slug":"conde-dervideira-reserva-branco-75cl","status":"publish","type":"product","link":"https:\/\/garrafeiragrandeescolha.pt\/it\/prodotto\/conde-dervideira-reserva-branco-75cl\/","title":{"rendered":"Conde D&#8217;Ervideira Reserva Branco 75cl"},"content":{"rendered":"<p><img decoding=\"async\" class=\"size-medium wp-image-15247 aligncenter\" src=\"http:\/\/garrafeiragrandeescolha.pt\/wp-content\/uploads\/2022\/02\/ervideira-logo-300x156.png\" alt=\"\" width=\"300\" height=\"156\" srcset=\"https:\/\/garrafeiragrandeescolha.pt\/wp-content\/uploads\/2022\/02\/ervideira-logo-300x156.png 300w, https:\/\/garrafeiragrandeescolha.pt\/wp-content\/uploads\/2022\/02\/ervideira-logo.png 312w\" sizes=\"(max-width: 300px) 100vw, 300px\" \/><\/p>\n<p>A Ervideira \u00e9 uma das empresas vitivin\u00edcolas seculares de Portugal, produzindo vinho desde 1880. contando atualmente com a quarta e quinta gera\u00e7\u00e3o de produtores no ativo.<\/p>\n<p>Com um total de 160 hectares de vinha, distribu\u00eddos pelas propriedades da fam\u00edlia nas sub-regi\u00f5es da Vidigueira (130 ha) e Reguengos (30 ha), a empresa produzas gamas Conde D\u2019Ervideira, Invis\u00edvel, Vinho da \u00c1gua, Vinha D\u2019Ervideira, Terras D\u2019Ervideira e Lusitano.<\/p>\n<p>Desde o in\u00edcio da nossa produ\u00e7\u00e3o, em 1880, tem como miss\u00e3o criar vinhos verdadeiramente \u00fanicos \u2013 no sabor, na textura e nos momentos que proporcionam.<\/p>\n<p>Guiados pelo legado deixado pelo Bisav\u00f4 (trisav\u00f4, no caso da 5\u00aa gera\u00e7\u00e3o e fundador da nossa marca, o Conde D\u2019Ervideira, regidos por uma base de valores que aliam a tradi\u00e7\u00e3o \u00e0 inova\u00e7\u00e3o. S\u00e3o eles a Hist\u00f3ria, Prazer, Qualidade, Solidez, Distin\u00e7\u00e3o, Emo\u00e7\u00e3o, Gastronomia, Confian\u00e7a, Diferen\u00e7a, Terroir, Tradi\u00e7\u00e3o, Fam\u00edlia, Exclusividade e Futuro.<\/p>\n<p>Como filosofia de trabalho, tem sempre o cuidado de contratar localmente, pois a empresa tem que ser um forte elemento de estabilidade na regi\u00e3o. A t\u00edtulo de curiosidade, apenas s\u00e3o dadas oportunidades de trabalho a quem esteja desempregado ou \u00e0 procura do primeiro emprego, pois, desta forma, al\u00e9m de ser uma empresa que gera estabilidade regional, n\u00e3o entra em conflito de interesses com as outras empresas da regi\u00e3o.<\/p>","protected":false},"excerpt":{"rendered":"<p>Apresenta aromas de frutos tropicais, especiarias e baunilha. \u00c9 aveludado e untuoso, possuindo uma acidez equilibrada e taninos suaves e sedosos.<\/p>","protected":false},"featured_media":21231,"template":"","meta":{"_exactmetrics_skip_tracking":false,"_exactmetrics_sitenote_active":false,"_exactmetrics_sitenote_note":"","_exactmetrics_sitenote_category":0,"_uf_show_specific_survey":0,"_uf_disable_surveys":false,"iawp_total_views":42},"product_brand":[],"product_cat":[157,185,189],"product_tag":[],"class_list":{"0":"post-21229","1":"product","2":"type-product","3":"status-publish","4":"has-post-thumbnail","6":"product_cat-vinhos","7":"product_cat-branco","8":"product_cat-alentejo-branco","10":"first","11":"instock","12":"shipping-taxable","13":"purchasable","14":"product-type-simple"},"_links":{"self":[{"href":"https:\/\/garrafeiragrandeescolha.pt\/it\/wp-json\/wp\/v2\/product\/21229","targetHints":{"allow":["GET"]}}],"collection":[{"href":"https:\/\/garrafeiragrandeescolha.pt\/it\/wp-json\/wp\/v2\/product"}],"about":[{"href":"https:\/\/garrafeiragrandeescolha.pt\/it\/wp-json\/wp\/v2\/types\/product"}],"wp:featuredmedia":[{"embeddable":true,"href":"https:\/\/garrafeiragrandeescolha.pt\/it\/wp-json\/wp\/v2\/media\/21231"}],"wp:attachment":[{"href":"https:\/\/garrafeiragrandeescolha.pt\/it\/wp-json\/wp\/v2\/media?parent=21229"}],"wp:term":[{"taxonomy":"product_brand","embeddable":true,"href":"https:\/\/garrafeiragrandeescolha.pt\/it\/wp-json\/wp\/v2\/product_brand?post=21229"},{"taxonomy":"product_cat","embeddable":true,"href":"https:\/\/garrafeiragrandeescolha.pt\/it\/wp-json\/wp\/v2\/product_cat?post=21229"},{"taxonomy":"product_tag","embeddable":true,"href":"https:\/\/garrafeiragrandeescolha.pt\/it\/wp-json\/wp\/v2\/product_tag?post=21229"}],"curies":[{"name":"wp","href":"https:\/\/api.w.org\/{rel}","templated":true}]}}