{"id":21305,"date":"2026-02-23T16:47:45","date_gmt":"2026-02-23T16:47:45","guid":{"rendered":"https:\/\/garrafeiragrandeescolha.pt\/?post_type=product&#038;p=21305"},"modified":"2026-02-23T16:47:46","modified_gmt":"2026-02-23T16:47:46","slug":"quinta-da-foz-reserva-tinto-75cl","status":"publish","type":"product","link":"https:\/\/garrafeiragrandeescolha.pt\/it\/prodotto\/quinta-da-foz-reserva-tinto-75cl\/","title":{"rendered":"Quinta da Foz Reserva Tinto 75cl"},"content":{"rendered":"<p><img decoding=\"async\" class=\"aligncenter\" src=\"https:\/\/encrypted-tbn0.gstatic.com\/images?q=tbn:ANd9GcRfOWpWsbBKtzO20b8LqZYAsFFB4BQzLlGTmg&amp;s\" alt=\"Quinta da Foz - Vin de Douro\" \/><\/p>\n<p>A identidade das nossas vinhas \u00e9 preservada pelo Sr. Joaquim desde o tempo do \u201cDoutor\u201d.<\/p>\n<p>Em 2014 chegou a enologia de Filipe Ferreira com uma grande vontade de querer ir mais longe. A conserva\u00e7\u00e3o da viticultura tradicional associada \u00e0 frescura da inova\u00e7\u00e3o e a experi\u00eancia do en\u00f3logo Ant\u00f3nio Narciso, resulta em grandes\u00a0<strong>vini<\/strong>\u00a0que revelam a excel\u00eancia da mat\u00e9ria prima, e a exclusividade do\u00a0<em>terroir.<\/em><\/p>","protected":false},"excerpt":{"rendered":"<p>Perfeitamente moldado pela harmonia de uma mistura de castas, com predomin\u00e2ncia da eleg\u00e2ncia da Touriga Franca, da exuber\u00e2ncia da Touriga Nacional e da austeridade da Tinta Roriz, provenientes das melhores uvas das nossas vinhas centen\u00e1rias. Ao mesmo tempo que mostra o car\u00e1cter austero, seduz com a sua textura elegante e mostra a exuber\u00e2ncia plena de mineralidade, frutos vermelhos e ameixa preta, com aromas tostados e doces da madeira. Est\u00e1gio de 12 a 18 meses em barricas novas e de segundo uso cuidadosamente selecionadas para garantir suavidade, tipicidade, fruta e eleg\u00e2ncia com algum caracter mais moderno.<\/p>\n<p><strong>Na boca:<\/strong>\u00a0Amadurecido, aromas intensos bem combinados. Potente na boca, no entanto redondo e sedoso, com taninos finos e maduros. Fim aveludado, mas muito persistente.<\/p>","protected":false},"featured_media":21306,"template":"","meta":{"_exactmetrics_skip_tracking":false,"_exactmetrics_sitenote_active":false,"_exactmetrics_sitenote_note":"","_exactmetrics_sitenote_category":0,"_uf_show_specific_survey":0,"_uf_disable_surveys":false,"iawp_total_views":1},"product_brand":[],"product_cat":[157,184,215],"product_tag":[],"class_list":{"0":"post-21305","1":"product","2":"type-product","3":"status-publish","4":"has-post-thumbnail","6":"product_cat-vinhos","7":"product_cat-tinto","8":"product_cat-douro","10":"first","11":"instock","12":"shipping-taxable","13":"purchasable","14":"product-type-simple"},"_links":{"self":[{"href":"https:\/\/garrafeiragrandeescolha.pt\/it\/wp-json\/wp\/v2\/product\/21305","targetHints":{"allow":["GET"]}}],"collection":[{"href":"https:\/\/garrafeiragrandeescolha.pt\/it\/wp-json\/wp\/v2\/product"}],"about":[{"href":"https:\/\/garrafeiragrandeescolha.pt\/it\/wp-json\/wp\/v2\/types\/product"}],"wp:featuredmedia":[{"embeddable":true,"href":"https:\/\/garrafeiragrandeescolha.pt\/it\/wp-json\/wp\/v2\/media\/21306"}],"wp:attachment":[{"href":"https:\/\/garrafeiragrandeescolha.pt\/it\/wp-json\/wp\/v2\/media?parent=21305"}],"wp:term":[{"taxonomy":"product_brand","embeddable":true,"href":"https:\/\/garrafeiragrandeescolha.pt\/it\/wp-json\/wp\/v2\/product_brand?post=21305"},{"taxonomy":"product_cat","embeddable":true,"href":"https:\/\/garrafeiragrandeescolha.pt\/it\/wp-json\/wp\/v2\/product_cat?post=21305"},{"taxonomy":"product_tag","embeddable":true,"href":"https:\/\/garrafeiragrandeescolha.pt\/it\/wp-json\/wp\/v2\/product_tag?post=21305"}],"curies":[{"name":"wp","href":"https:\/\/api.w.org\/{rel}","templated":true}]}}