{"id":21533,"date":"2026-03-12T14:47:52","date_gmt":"2026-03-12T14:47:52","guid":{"rendered":"https:\/\/garrafeiragrandeescolha.pt\/?post_type=product&#038;p=21533"},"modified":"2026-03-12T14:47:52","modified_gmt":"2026-03-12T14:47:52","slug":"quinta-da-cesta-loureiro-branco-75cl","status":"publish","type":"product","link":"https:\/\/garrafeiragrandeescolha.pt\/it\/prodotto\/quinta-da-cesta-loureiro-branco-75cl\/","title":{"rendered":"Quinta da Cesta Loureiro Branco 75cl"},"content":{"rendered":"<p><img fetchpriority=\"high\" decoding=\"async\" class=\"aligncenter\" src=\"https:\/\/quintadacesta.com\/wp-content\/uploads\/2024\/01\/cropped-encostadacesta-hor.png\" width=\"649\" height=\"115\" \/><\/p>\n<p>A Quinta da Cesta nasceu do gosto pela terra h\u00e1 20 anos, quando o propriet\u00e1rio Nelson Cerqueira deu in\u00edcio \u00e0 produ\u00e7\u00e3o de vinho em nome pr\u00f3prio, tendo mais tarde criado a empresa.<\/p>\n<p>Licenciado em engenharia mec\u00e2nica, optou por dedicar-se \u00e0 produ\u00e7\u00e3o de vinhos, depois do mundo v\u00ednico lhe ter sido dado a conhecer por algu\u00e9m que ocupou um lugar importante na sua vida. O projeto nasceu e cresceu e o primeiro vinho engarrafado pela marca resultou da colheita de 2003\/2004, um vinh\u00e3o t\u00edpico desta regi\u00e3o dos Vinhos Verdes.<\/p>\n<p>Com o passar dos anos foram melhorando a produ\u00e7\u00e3o e agora apresentam seis refer\u00eancias de vinhos de destaque no cat\u00e1logo de produ\u00e7\u00f5es, que v\u00e3o desde o Vinh\u00e3o, passando pelo Loureiro, o Arinto, o Ros\u00e9 e ainda o Espumante, resultantes de mais de um milh\u00e3o de quilos de uvas colhidas por \u00e9poca para a Adega Encosta da Cesta.<\/p>","protected":false},"excerpt":{"rendered":"<p class=\"p1\"><span class=\"s1\">Este Loureiro apresenta-se l\u00edmpido e com reflexos citrinos. No nariz \u00e9 arom\u00e1tico e fresco. Frutos citrinos, como a tangerina e a toranja surgem juntamente com aromas suaves de tropicalidade como manga e lim\u00e3o. Um vinho muito equilibrado e com uma estrutura interessante que perdura no final de boca. Acompanha bem entradas, pratos de carnes brancas, peixes magros e marisco.<\/span><\/p>\n<p class=\"p1\"><span class=\"s1\">Deve ser servido entre os 8\u00b0 e os 10\u00b0 C.<\/span><\/p>","protected":false},"featured_media":21534,"template":"","meta":{"_exactmetrics_skip_tracking":false,"_exactmetrics_sitenote_active":false,"_exactmetrics_sitenote_note":"","_exactmetrics_sitenote_category":0,"_uf_show_specific_survey":0,"_uf_disable_surveys":false,"iawp_total_views":0},"product_brand":[],"product_cat":[157,185,206],"product_tag":[],"class_list":{"0":"post-21533","1":"product","2":"type-product","3":"status-publish","4":"has-post-thumbnail","6":"product_cat-vinhos","7":"product_cat-branco","8":"product_cat-vinhos-verdes","10":"first","11":"instock","12":"shipping-taxable","13":"purchasable","14":"product-type-simple"},"_links":{"self":[{"href":"https:\/\/garrafeiragrandeescolha.pt\/it\/wp-json\/wp\/v2\/product\/21533","targetHints":{"allow":["GET"]}}],"collection":[{"href":"https:\/\/garrafeiragrandeescolha.pt\/it\/wp-json\/wp\/v2\/product"}],"about":[{"href":"https:\/\/garrafeiragrandeescolha.pt\/it\/wp-json\/wp\/v2\/types\/product"}],"wp:featuredmedia":[{"embeddable":true,"href":"https:\/\/garrafeiragrandeescolha.pt\/it\/wp-json\/wp\/v2\/media\/21534"}],"wp:attachment":[{"href":"https:\/\/garrafeiragrandeescolha.pt\/it\/wp-json\/wp\/v2\/media?parent=21533"}],"wp:term":[{"taxonomy":"product_brand","embeddable":true,"href":"https:\/\/garrafeiragrandeescolha.pt\/it\/wp-json\/wp\/v2\/product_brand?post=21533"},{"taxonomy":"product_cat","embeddable":true,"href":"https:\/\/garrafeiragrandeescolha.pt\/it\/wp-json\/wp\/v2\/product_cat?post=21533"},{"taxonomy":"product_tag","embeddable":true,"href":"https:\/\/garrafeiragrandeescolha.pt\/it\/wp-json\/wp\/v2\/product_tag?post=21533"}],"curies":[{"name":"wp","href":"https:\/\/api.w.org\/{rel}","templated":true}]}}