{"id":21545,"date":"2026-03-12T15:40:15","date_gmt":"2026-03-12T15:40:15","guid":{"rendered":"https:\/\/garrafeiragrandeescolha.pt\/?post_type=product&#038;p=21545"},"modified":"2026-03-21T10:14:51","modified_gmt":"2026-03-21T10:14:51","slug":"indio-rei-tinto-75cl","status":"publish","type":"product","link":"https:\/\/garrafeiragrandeescolha.pt\/it\/prodotto\/indio-rei-tinto-75cl\/","title":{"rendered":"\u00cdndio Rei Colheita Tinto 75cl"},"content":{"rendered":"<p><img decoding=\"async\" class=\"aligncenter\" src=\"https:\/\/scontent.fopo6-1.fna.fbcdn.net\/v\/t39.30808-6\/292456086_458583372937963_3061060519179590518_n.jpg?_nc_cat=107&amp;ccb=1-7&amp;_nc_sid=1d70fc&amp;_nc_ohc=k9vWIGo3wf8Q7kNvwH8745g&amp;_nc_oc=AdlOH_mRZE27NxJ_RIle6E2l5BZH5j4FVH9OtS043gXB_ksUx5ZkHKTj7Snk9kNBYxIt7SDdbY8oxNWnEXxuRsX8&amp;_nc_zt=23&amp;_nc_ht=scontent.fopo6-1.fna&amp;_nc_gid=CB2jq_gue39fxp_CriTfvA&amp;_nc_ss=8&amp;oh=00_AfzM9bWqko-vUuKSdAt4apBXPcw9xqC4yqfiWhZRgiDNSQ&amp;oe=69B8B54D\" alt=\"Nenhuma descri\u00e7\u00e3o de foto dispon\u00edvel.\" width=\"122\" height=\"122\" \/><\/p>\n<p>A Amora Brava produz, aprimora e comercializa os melhores vinhos e sabores portugueses. O nosso objetivo \u00e9 que quem experimenta nossos vinhos sinta a cultura portuguesa.<\/p>","protected":false},"excerpt":{"rendered":"<p>Vinho de cor rubi com nuances gren\u00e1, com aroma de frutos vermelhos e especiarias, harmonioso, redondo e delicado.<\/p>","protected":false},"featured_media":21546,"template":"","meta":{"_exactmetrics_skip_tracking":false,"_exactmetrics_sitenote_active":false,"_exactmetrics_sitenote_note":"","_exactmetrics_sitenote_category":0,"_uf_show_specific_survey":0,"_uf_disable_surveys":false,"iawp_total_views":0},"product_brand":[],"product_cat":[157,184,187],"product_tag":[],"class_list":{"0":"post-21545","1":"product","2":"type-product","3":"status-publish","4":"has-post-thumbnail","6":"product_cat-vinhos","7":"product_cat-tinto","8":"product_cat-dao-tinto","10":"first","11":"instock","12":"shipping-taxable","13":"purchasable","14":"product-type-simple"},"_links":{"self":[{"href":"https:\/\/garrafeiragrandeescolha.pt\/it\/wp-json\/wp\/v2\/product\/21545","targetHints":{"allow":["GET"]}}],"collection":[{"href":"https:\/\/garrafeiragrandeescolha.pt\/it\/wp-json\/wp\/v2\/product"}],"about":[{"href":"https:\/\/garrafeiragrandeescolha.pt\/it\/wp-json\/wp\/v2\/types\/product"}],"wp:featuredmedia":[{"embeddable":true,"href":"https:\/\/garrafeiragrandeescolha.pt\/it\/wp-json\/wp\/v2\/media\/21546"}],"wp:attachment":[{"href":"https:\/\/garrafeiragrandeescolha.pt\/it\/wp-json\/wp\/v2\/media?parent=21545"}],"wp:term":[{"taxonomy":"product_brand","embeddable":true,"href":"https:\/\/garrafeiragrandeescolha.pt\/it\/wp-json\/wp\/v2\/product_brand?post=21545"},{"taxonomy":"product_cat","embeddable":true,"href":"https:\/\/garrafeiragrandeescolha.pt\/it\/wp-json\/wp\/v2\/product_cat?post=21545"},{"taxonomy":"product_tag","embeddable":true,"href":"https:\/\/garrafeiragrandeescolha.pt\/it\/wp-json\/wp\/v2\/product_tag?post=21545"}],"curies":[{"name":"wp","href":"https:\/\/api.w.org\/{rel}","templated":true}]}}