{"id":21631,"date":"2026-04-01T10:49:41","date_gmt":"2026-04-01T10:49:41","guid":{"rendered":"https:\/\/garrafeiragrandeescolha.pt\/?post_type=product&#038;p=21631"},"modified":"2026-04-01T11:03:32","modified_gmt":"2026-04-01T11:03:32","slug":"pocas-trava-linguas-branco-75cl","status":"publish","type":"product","link":"https:\/\/garrafeiragrandeescolha.pt\/it\/prodotto\/pocas-trava-linguas-branco-75cl\/","title":{"rendered":"Po\u00e7as Trava-L\u00ednguas Branco 2024 75cl"},"content":{"rendered":"<p>\u201cA Po\u00e7as \u00e9 o lado portugu\u00eas da hist\u00f3ria do Douro. (\u2026)\u00a0 \u00e9 uma das raras empresas de Vinho do Porto que nasceu portuguesa e se mant\u00e9m na posse da mesma fam\u00edlia desde a sua funda\u00e7\u00e3o\u201d.<\/p>\n<p>A\u00a0Po\u00e7as \u00e9 uma empresa familiar portuguesa produtora de vinhos do Porto e DOC Douro. Est\u00e1 orgulhosamente nas m\u00e3os da fam\u00edlia hom\u00f3nima que a criou h\u00e1 j\u00e1 mais de um s\u00e9culo, sendo por isso mesmo considerada como<em>\u00a0\u201co lado mais portugu\u00eas da hist\u00f3ria do Douro vinhateiro\u201d.<\/em><\/p>\n<p>Nascida em 1918 fruto das m\u00e3os e da coragem de Manoel Domingues Po\u00e7as J\u00fanior que, ao longo do tempo foi contagiando a fam\u00edlia com o seu conhecimento e paix\u00e3o pelo mundo que \u00e9 o vinho. Atualmente a Po\u00e7as \u00e9 gerida pela 4\u00aa gera\u00e7\u00e3o da fam\u00edlia: Maria Manuel Maia (respons\u00e1vel pelas \u00e1reas de Enologia e Viticultora), Paulo Pint\u00e3o (Produ\u00e7\u00e3o e Administrativa\/Financeira) e Pedro Po\u00e7as Pint\u00e3o (Comercial e Marketing).<\/p>\n<p>A sede da empresa fica no centro hist\u00f3rico de Vila Nova de Gaia, onde se encontra igualmente o Centro de Visitas, aberto ao p\u00fablico desde 2016.<\/p>\n<p>Atualmente a Po\u00e7as tem tr\u00eas Quintas, com uma \u00e1rea total de 100 hectares (76 hectares de vinha em produ\u00e7\u00e3o), cada uma localizada numa zona diferente da Regi\u00e3o Demarcada do Douro: a Quinta das Quartas, que integra o centro de vinifica\u00e7\u00e3o por onde todos os vinhos passam (Baixo Corgo), a Quinta de Santa B\u00e1rbara, com as estimadas Vinhas Velhas (Cima Corgo) e a Quinta de Vale de Cavalos, junto \u00e0 Ribeira de Teja e com a altitude e solo de xisto e granito que a caracterizam (Douro Superior).<\/p>\n<p>Com \u00e2nimo continuamente refor\u00e7ado pelo reconhecimento crescente dos seus frutos em todo o mundo, a Po\u00e7as caminha com os olhos postos no futuro, aliando o conhecimento de anci\u00e3o centen\u00e1rio \u00e0 for\u00e7a e aud\u00e1cia que corre na gera\u00e7\u00e3o mais jovem.<\/p>\n<p>A inspira\u00e7\u00e3o \u00e9, como sempre foi, o inigual\u00e1vel terroir do Douro, e a resili\u00eancia \u00e9 o nome do meio da fam\u00edlia, por isso a Po\u00e7as est\u00e1 mais do que pronta para<\/p>","protected":false},"excerpt":{"rendered":"<p>Vinho branco produzido a partir de castas tradicionais da Regi\u00e3o, com uvas provenientes de zonas altas e com microclima fresco em Alto Loureiro e Valdigem (Baixo Corgo). Fresco e c\u00edtrico<\/p>\n<p>Sugest\u00e3o de consumo: Acompanha especialmente bem pratos de marisco, sushi, camar\u00e3o cozido, peixes claros (robalo, linguado). Tamb\u00e9m pode ser consumido como vinho de entrada acompanhando aperitivos (azeitonas)<\/p>\n<p>Envelhecimento: Em cubas de inox por 6 meses at\u00e9 ao engarrafamento<\/p>\n<p>Castas: Malvasia Fina, C\u00f3dega, Rabigato, Viosinho, Moscatel Galego Branco<\/p>\n<p>&nbsp;<\/p>","protected":false},"featured_media":21632,"template":"","meta":{"_exactmetrics_skip_tracking":false,"_exactmetrics_sitenote_active":false,"_exactmetrics_sitenote_note":"","_exactmetrics_sitenote_category":0,"_uf_show_specific_survey":0,"_uf_disable_surveys":false,"iawp_total_views":0},"product_brand":[],"product_cat":[185,188,157],"product_tag":[],"class_list":{"0":"post-21631","1":"product","2":"type-product","3":"status-publish","4":"has-post-thumbnail","6":"product_cat-branco","7":"product_cat-douro-branco","8":"product_cat-vinhos","10":"first","11":"instock","12":"shipping-taxable","13":"purchasable","14":"product-type-simple"},"_links":{"self":[{"href":"https:\/\/garrafeiragrandeescolha.pt\/it\/wp-json\/wp\/v2\/product\/21631","targetHints":{"allow":["GET"]}}],"collection":[{"href":"https:\/\/garrafeiragrandeescolha.pt\/it\/wp-json\/wp\/v2\/product"}],"about":[{"href":"https:\/\/garrafeiragrandeescolha.pt\/it\/wp-json\/wp\/v2\/types\/product"}],"wp:featuredmedia":[{"embeddable":true,"href":"https:\/\/garrafeiragrandeescolha.pt\/it\/wp-json\/wp\/v2\/media\/21632"}],"wp:attachment":[{"href":"https:\/\/garrafeiragrandeescolha.pt\/it\/wp-json\/wp\/v2\/media?parent=21631"}],"wp:term":[{"taxonomy":"product_brand","embeddable":true,"href":"https:\/\/garrafeiragrandeescolha.pt\/it\/wp-json\/wp\/v2\/product_brand?post=21631"},{"taxonomy":"product_cat","embeddable":true,"href":"https:\/\/garrafeiragrandeescolha.pt\/it\/wp-json\/wp\/v2\/product_cat?post=21631"},{"taxonomy":"product_tag","embeddable":true,"href":"https:\/\/garrafeiragrandeescolha.pt\/it\/wp-json\/wp\/v2\/product_tag?post=21631"}],"curies":[{"name":"wp","href":"https:\/\/api.w.org\/{rel}","templated":true}]}}